{"id":1477,"date":"2025-08-20T14:17:47","date_gmt":"2025-08-20T18:17:47","guid":{"rendered":"https:\/\/moreevenements.com\/?page_id=1477"},"modified":"2025-10-20T16:24:42","modified_gmt":"2025-10-20T20:24:42","slug":"contact","status":"publish","type":"page","link":"https:\/\/moreevenements.com\/en\/contact\/","title":{"rendered":"Contact us"},"content":{"rendered":"\t\t<div data-elementor-type=\"wp-page\" data-elementor-id=\"1477\" class=\"elementor elementor-1477 elementor-1423\" data-elementor-post-type=\"page\">\n\t\t\t\t<div class=\"elementor-element elementor-element-49cc1f e-con-full e-flex e-con e-parent\" data-id=\"49cc1f\" data-element_type=\"container\" data-e-type=\"container\">\n\t\t\t\t<div class=\"elementor-element elementor-element-7c59a276 elementor-cta--skin-cover elementor-cta--valign-middle elementor-widget__width-inherit elementor-bg-transform elementor-bg-transform-zoom-in elementor-widget elementor-widget-call-to-action\" data-id=\"7c59a276\" data-element_type=\"widget\" data-e-type=\"widget\" data-widget_type=\"call-to-action.default\">\n\t\t\t\t<div class=\"elementor-widget-container\">\n\t\t\t\t\t\t\t<div class=\"elementor-cta\">\n\t\t\t\t\t<div class=\"elementor-cta__bg-wrapper\">\n\t\t\t\t<div class=\"elementor-cta__bg elementor-bg\" style=\"background-image: url(https:\/\/moreevenements.com\/wp-content\/uploads\/2022\/11\/banner-realisations.jpg);\" role=\"img\" aria-label=\"Banni\u00e8re - R\u00e9alisations\"><\/div>\n\t\t\t\t<div class=\"elementor-cta__bg-overlay\"><\/div>\n\t\t\t<\/div>\n\t\t\t\t\t\t\t<div class=\"elementor-cta__content\">\n\t\t\t\t\n\t\t\t\t\t\t\t\t\t<h2 class=\"elementor-cta__title elementor-cta__content-item elementor-content-item\">\n\t\t\t\t\t\tContact us\t\t\t\t\t<\/h2>\n\t\t\t\t\n\t\t\t\t\n\t\t\t\t\t\t\t<\/div>\n\t\t\t\t\t\t<\/div>\n\t\t\t\t\t\t<\/div>\n\t\t\t\t<\/div>\n\t\t\t\t<div class=\"elementor-element elementor-element-6d5ae07f elementor-invisible elementor-widget elementor-widget-image\" data-id=\"6d5ae07f\" data-element_type=\"widget\" data-e-type=\"widget\" data-settings=\"{&quot;_animation&quot;:&quot;slideInLeft&quot;}\" data-widget_type=\"image.default\">\n\t\t\t\t<div class=\"elementor-widget-container\">\n\t\t\t\t\t\t\t\t\t\t\t\t\t\t\t<img decoding=\"async\" width=\"300\" height=\"23\" src=\"https:\/\/moreevenements.com\/wp-content\/uploads\/2025\/03\/more-point-1-300x23.png\" class=\"attachment-medium size-medium wp-image-1133\" alt=\"\" srcset=\"https:\/\/moreevenements.com\/wp-content\/uploads\/2025\/03\/more-point-1-300x23.png 300w, https:\/\/moreevenements.com\/wp-content\/uploads\/2025\/03\/more-point-1.png 592w\" sizes=\"(max-width: 300px) 100vw, 300px\" \/>\t\t\t\t\t\t\t\t\t\t\t\t\t\t\t<\/div>\n\t\t\t\t<\/div>\n\t\t\t\t<\/div>\n\t\t<div class=\"elementor-element elementor-element-d74e592 e-flex e-con-boxed e-con e-parent\" data-id=\"d74e592\" data-element_type=\"container\" data-e-type=\"container\">\n\t\t\t\t\t<div class=\"e-con-inner\">\n\t\t<div class=\"elementor-element elementor-element-39fa48b e-con-full e-flex elementor-invisible e-con e-child\" data-id=\"39fa48b\" data-element_type=\"container\" data-e-type=\"container\" data-settings=\"{&quot;animation&quot;:&quot;fadeIn&quot;}\">\n\t\t\t\t<div class=\"elementor-element elementor-element-1744492 elementor-widget elementor-widget-text-editor\" data-id=\"1744492\" data-element_type=\"widget\" data-e-type=\"widget\" data-widget_type=\"text-editor.default\">\n\t\t\t\t<div class=\"elementor-widget-container\">\n\t\t\t\t\t\t\t\t\t<h2 class=\"wp-block-heading\">It\u2019s showtime!<\/h2>\t\t\t\t\t\t\t\t<\/div>\n\t\t\t\t<\/div>\n\t\t\t\t<div class=\"elementor-element elementor-element-b370bb1 elementor-widget elementor-widget-text-editor\" data-id=\"b370bb1\" data-element_type=\"widget\" data-e-type=\"widget\" data-widget_type=\"text-editor.default\">\n\t\t\t\t<div class=\"elementor-widget-container\">\n\t\t\t\t\t\t\t\t\t<p>Join us and let\u2019s create some timeless moments together!<\/p><div class=\"wp-block-buttons is-layout-flex wp-block-buttons-is-layout-flex\">\u00a0<\/div>\t\t\t\t\t\t\t\t<\/div>\n\t\t\t\t<\/div>\n\t\t\t\t<\/div>\n\t\t<div class=\"elementor-element elementor-element-a405c69 e-con-full e-flex e-con e-child\" data-id=\"a405c69\" data-element_type=\"container\" data-e-type=\"container\">\n\t\t\t\t<div class=\"elementor-element elementor-element-1225253 elementor-widget elementor-widget-html\" data-id=\"1225253\" data-element_type=\"widget\" data-e-type=\"widget\" data-widget_type=\"html.default\">\n\t\t\t\t<div class=\"elementor-widget-container\">\n\t\t\t\t\t<script charset=\"utf-8\" type=\"text\/javascript\" src=\"\/\/js.hsforms.net\/forms\/embed\/v2.js\"><\/script>\r\n\r\n<script>\r\n\r\n  hbspt.forms.create({\r\n\r\n    portalId: \"21741148\",\r\n\r\n    formId: \"c4a895b0-2acf-4887-ad72-d0a37ed95233\",\r\n\r\n    region: \"na1\"\r\n\r\n  });\r\n\r\n<\/script>\t\t\t\t<\/div>\n\t\t\t\t<\/div>\n\t\t\t\t<\/div>\n\t\t\t\t\t<\/div>\n\t\t\t\t<\/div>\n\t\t<div class=\"elementor-element elementor-element-f9d0529 e-con-full e-flex e-con e-parent\" data-id=\"f9d0529\" data-element_type=\"container\" data-e-type=\"container\">\n\t\t\t\t<div class=\"elementor-element elementor-element-2b0a4c0 elementor-widget elementor-widget-spacer\" data-id=\"2b0a4c0\" data-element_type=\"widget\" data-e-type=\"widget\" data-widget_type=\"spacer.default\">\n\t\t\t\t<div class=\"elementor-widget-container\">\n\t\t\t\t\t\t\t<div class=\"elementor-spacer\">\n\t\t\t<div class=\"elementor-spacer-inner\"><\/div>\n\t\t<\/div>\n\t\t\t\t\t\t<\/div>\n\t\t\t\t<\/div>\n\t\t\t\t<\/div>\n\t\t<div class=\"elementor-element elementor-element-9c5d3b8 e-con-full e-flex e-con e-parent\" data-id=\"9c5d3b8\" data-element_type=\"container\" data-e-type=\"container\">\n\t\t\t\t<div class=\"elementor-element elementor-element-2284d1e elementor-invisible elementor-widget elementor-widget-image\" data-id=\"2284d1e\" data-element_type=\"widget\" data-e-type=\"widget\" data-settings=\"{&quot;_animation&quot;:&quot;slideInLeft&quot;}\" data-widget_type=\"image.default\">\n\t\t\t\t<div class=\"elementor-widget-container\">\n\t\t\t\t\t\t\t\t\t\t\t\t\t\t\t<img decoding=\"async\" width=\"300\" height=\"23\" src=\"https:\/\/moreevenements.com\/wp-content\/uploads\/2025\/03\/more-point-1-300x23.png\" class=\"attachment-medium size-medium wp-image-1133\" alt=\"\" srcset=\"https:\/\/moreevenements.com\/wp-content\/uploads\/2025\/03\/more-point-1-300x23.png 300w, https:\/\/moreevenements.com\/wp-content\/uploads\/2025\/03\/more-point-1.png 592w\" sizes=\"(max-width: 300px) 100vw, 300px\" \/>\t\t\t\t\t\t\t\t\t\t\t\t\t\t\t<\/div>\n\t\t\t\t<\/div>\n\t\t\t\t<div class=\"elementor-element elementor-element-51fecd5 elementor-widget elementor-widget-menu-anchor\" data-id=\"51fecd5\" data-element_type=\"widget\" data-e-type=\"widget\" data-widget_type=\"menu-anchor.default\">\n\t\t\t\t<div class=\"elementor-widget-container\">\n\t\t\t\t\t\t\t<div class=\"elementor-menu-anchor\" id=\"rdv\"><\/div>\n\t\t\t\t\t\t<\/div>\n\t\t\t\t<\/div>\n\t\t\t\t<div class=\"elementor-element elementor-element-7617606 elementor-invisible elementor-widget elementor-widget-text-editor\" data-id=\"7617606\" data-element_type=\"widget\" data-e-type=\"widget\" data-settings=\"{&quot;_animation&quot;:&quot;fadeIn&quot;,&quot;_animation_delay&quot;:0}\" data-widget_type=\"text-editor.default\">\n\t\t\t\t<div class=\"elementor-widget-container\">\n\t\t\t\t\t\t\t\t\t<h2 class=\"wp-block-heading\">Book your appointment!<\/h2>\t\t\t\t\t\t\t\t<\/div>\n\t\t\t\t<\/div>\n\t\t\t\t<div class=\"elementor-element elementor-element-c96604b elementor-widget elementor-widget-html\" data-id=\"c96604b\" data-element_type=\"widget\" data-e-type=\"widget\" data-widget_type=\"html.default\">\n\t\t\t\t<div class=\"elementor-widget-container\">\n\t\t\t\t\t <div class=\"meetings-iframe-container\" data-src=\"https:\/\/meetings.hubspot.com\/myra3?embed=true\"><\/div>\n    <script type=\"text\/javascript\" src=\"https:\/\/static.hsappstatic.net\/MeetingsEmbed\/ex\/MeetingsEmbedCode.js\"><\/script>\t\t\t\t<\/div>\n\t\t\t\t<\/div>\n\t\t\t\t<\/div>\n\t\t\t\t<\/div>\n\t\t","protected":false},"excerpt":{"rendered":"<p>Contact us It\u2019s showtime! Join us and let\u2019s create some timeless moments together! \u00a0 Book your appointment!<\/p>\n","protected":false},"author":3,"featured_media":0,"parent":0,"menu_order":0,"comment_status":"closed","ping_status":"closed","template":"","meta":{"_acf_changed":false,"content-type":"","inline_featured_image":false,"footnotes":""},"class_list":["post-1477","page","type-page","status-publish","hentry"],"acf":[],"yoast_head":"<!-- This site is optimized with the Yoast SEO plugin v27.3 - https:\/\/yoast.com\/product\/yoast-seo-wordpress\/ -->\n<title>Contact us | More \u00c9v\u00e9nements<\/title>\n<meta name=\"description\" content=\"MORE \u00c9v\u00e9nement red\u00e9finit l\u2019approche humaine dans l\u2019\u00e9v\u00e9nementiel. Nous personnalisons vos \u00e9v\u00e9nements Corporatifs, Festifs ou vos moments. Exp\u00e9rience employ\u00e9 pour vous garantir des moments inoubliables.\" \/>\n<meta name=\"robots\" content=\"index, follow, max-snippet:-1, max-image-preview:large, max-video-preview:-1\" \/>\n<link rel=\"canonical\" href=\"https:\/\/moreevenements.com\/contact\/\" \/>\n<meta property=\"og:locale\" content=\"en_US\" \/>\n<meta property=\"og:type\" content=\"article\" \/>\n<meta property=\"og:title\" content=\"Contact us | More \u00c9v\u00e9nements\" \/>\n<meta property=\"og:description\" content=\"MORE \u00c9v\u00e9nement red\u00e9finit l\u2019approche humaine dans l\u2019\u00e9v\u00e9nementiel. Nous personnalisons vos \u00e9v\u00e9nements Corporatifs, Festifs ou vos moments. Exp\u00e9rience employ\u00e9 pour vous garantir des moments inoubliables.\" \/>\n<meta property=\"og:url\" content=\"https:\/\/moreevenements.com\/contact\/\" \/>\n<meta property=\"og:site_name\" content=\"More \u00c9v\u00e9nements\" \/>\n<meta property=\"article:publisher\" content=\"https:\/\/www.facebook.com\/more.evenements\" \/>\n<meta property=\"article:modified_time\" content=\"2025-10-20T20:24:42+00:00\" \/>\n<meta property=\"og:image\" content=\"https:\/\/moreevenements.com\/wp-content\/uploads\/2025\/03\/more-point-1.png\" \/>\n\t<meta property=\"og:image:width\" content=\"592\" \/>\n\t<meta property=\"og:image:height\" content=\"45\" \/>\n\t<meta property=\"og:image:type\" content=\"image\/png\" \/>\n<meta name=\"twitter:card\" content=\"summary_large_image\" \/>\n<meta name=\"twitter:label1\" content=\"Est. reading time\" \/>\n\t<meta name=\"twitter:data1\" content=\"1 minute\" \/>\n<script type=\"application\/ld+json\" class=\"yoast-schema-graph\">{\"@context\":\"https:\\\/\\\/schema.org\",\"@graph\":[{\"@type\":\"WebPage\",\"@id\":\"https:\\\/\\\/moreevenements.com\\\/contact\\\/\",\"url\":\"https:\\\/\\\/moreevenements.com\\\/contact\\\/\",\"name\":\"Contact us | More \u00c9v\u00e9nements\",\"isPartOf\":{\"@id\":\"http:\\\/\\\/more.agencehigh5.com\\\/#website\"},\"primaryImageOfPage\":{\"@id\":\"https:\\\/\\\/moreevenements.com\\\/contact\\\/#primaryimage\"},\"image\":{\"@id\":\"https:\\\/\\\/moreevenements.com\\\/contact\\\/#primaryimage\"},\"thumbnailUrl\":\"https:\\\/\\\/moreevenements.com\\\/wp-content\\\/uploads\\\/2025\\\/03\\\/more-point-1-300x23.png\",\"datePublished\":\"2025-08-20T18:17:47+00:00\",\"dateModified\":\"2025-10-20T20:24:42+00:00\",\"description\":\"MORE \u00c9v\u00e9nement red\u00e9finit l\u2019approche humaine dans l\u2019\u00e9v\u00e9nementiel. Nous personnalisons vos \u00e9v\u00e9nements Corporatifs, Festifs ou vos moments. Exp\u00e9rience employ\u00e9 pour vous garantir des moments inoubliables.\",\"breadcrumb\":{\"@id\":\"https:\\\/\\\/moreevenements.com\\\/contact\\\/#breadcrumb\"},\"inLanguage\":\"en-US\",\"potentialAction\":[{\"@type\":\"ReadAction\",\"target\":[\"https:\\\/\\\/moreevenements.com\\\/contact\\\/\"]}]},{\"@type\":\"ImageObject\",\"inLanguage\":\"en-US\",\"@id\":\"https:\\\/\\\/moreevenements.com\\\/contact\\\/#primaryimage\",\"url\":\"https:\\\/\\\/moreevenements.com\\\/wp-content\\\/uploads\\\/2025\\\/03\\\/more-point-1-300x23.png\",\"contentUrl\":\"https:\\\/\\\/moreevenements.com\\\/wp-content\\\/uploads\\\/2025\\\/03\\\/more-point-1-300x23.png\"},{\"@type\":\"BreadcrumbList\",\"@id\":\"https:\\\/\\\/moreevenements.com\\\/contact\\\/#breadcrumb\",\"itemListElement\":[{\"@type\":\"ListItem\",\"position\":1,\"name\":\"Accueil\",\"item\":\"https:\\\/\\\/moreevenements.com\\\/en\\\/\"},{\"@type\":\"ListItem\",\"position\":2,\"name\":\"Contact us\"}]},{\"@type\":\"WebSite\",\"@id\":\"http:\\\/\\\/more.agencehigh5.com\\\/#website\",\"url\":\"http:\\\/\\\/more.agencehigh5.com\\\/\",\"name\":\"More \u00c9v\u00e9nements\",\"description\":\"Moment Organis\u00e9 Riche en Exp\u00e9rience\",\"publisher\":{\"@id\":\"http:\\\/\\\/more.agencehigh5.com\\\/#organization\"},\"potentialAction\":[{\"@type\":\"SearchAction\",\"target\":{\"@type\":\"EntryPoint\",\"urlTemplate\":\"http:\\\/\\\/more.agencehigh5.com\\\/?s={search_term_string}\"},\"query-input\":{\"@type\":\"PropertyValueSpecification\",\"valueRequired\":true,\"valueName\":\"search_term_string\"}}],\"inLanguage\":\"en-US\"},{\"@type\":\"Organization\",\"@id\":\"http:\\\/\\\/more.agencehigh5.com\\\/#organization\",\"name\":\"MORE \u00c9\u00e9v\u00e9nements\",\"url\":\"http:\\\/\\\/more.agencehigh5.com\\\/\",\"logo\":{\"@type\":\"ImageObject\",\"inLanguage\":\"en-US\",\"@id\":\"http:\\\/\\\/more.agencehigh5.com\\\/#\\\/schema\\\/logo\\\/image\\\/\",\"url\":\"https:\\\/\\\/moreevenements.com\\\/wp-content\\\/uploads\\\/2022\\\/12\\\/more-evenements-logo.png\",\"contentUrl\":\"https:\\\/\\\/moreevenements.com\\\/wp-content\\\/uploads\\\/2022\\\/12\\\/more-evenements-logo.png\",\"width\":830,\"height\":244,\"caption\":\"MORE \u00c9\u00e9v\u00e9nements\"},\"image\":{\"@id\":\"http:\\\/\\\/more.agencehigh5.com\\\/#\\\/schema\\\/logo\\\/image\\\/\"},\"sameAs\":[\"https:\\\/\\\/www.facebook.com\\\/more.evenements\",\"https:\\\/\\\/www.linkedin.com\\\/company\\\/more-evenements\\\/about\\\/\",\"https:\\\/\\\/www.instagram.com\\\/more.evenements\\\/\"]}]}<\/script>\n<!-- \/ Yoast SEO plugin. -->","yoast_head_json":{"title":"Contact us | More \u00c9v\u00e9nements","description":"MORE \u00c9v\u00e9nement red\u00e9finit l\u2019approche humaine dans l\u2019\u00e9v\u00e9nementiel. Nous personnalisons vos \u00e9v\u00e9nements Corporatifs, Festifs ou vos moments. Exp\u00e9rience employ\u00e9 pour vous garantir des moments inoubliables.","robots":{"index":"index","follow":"follow","max-snippet":"max-snippet:-1","max-image-preview":"max-image-preview:large","max-video-preview":"max-video-preview:-1"},"canonical":"https:\/\/moreevenements.com\/contact\/","og_locale":"en_US","og_type":"article","og_title":"Contact us | More \u00c9v\u00e9nements","og_description":"MORE \u00c9v\u00e9nement red\u00e9finit l\u2019approche humaine dans l\u2019\u00e9v\u00e9nementiel. Nous personnalisons vos \u00e9v\u00e9nements Corporatifs, Festifs ou vos moments. Exp\u00e9rience employ\u00e9 pour vous garantir des moments inoubliables.","og_url":"https:\/\/moreevenements.com\/contact\/","og_site_name":"More \u00c9v\u00e9nements","article_publisher":"https:\/\/www.facebook.com\/more.evenements","article_modified_time":"2025-10-20T20:24:42+00:00","og_image":[{"width":592,"height":45,"url":"https:\/\/moreevenements.com\/wp-content\/uploads\/2025\/03\/more-point-1.png","type":"image\/png"}],"twitter_card":"summary_large_image","twitter_misc":{"Est. reading time":"1 minute"},"schema":{"@context":"https:\/\/schema.org","@graph":[{"@type":"WebPage","@id":"https:\/\/moreevenements.com\/contact\/","url":"https:\/\/moreevenements.com\/contact\/","name":"Contact us | More \u00c9v\u00e9nements","isPartOf":{"@id":"http:\/\/more.agencehigh5.com\/#website"},"primaryImageOfPage":{"@id":"https:\/\/moreevenements.com\/contact\/#primaryimage"},"image":{"@id":"https:\/\/moreevenements.com\/contact\/#primaryimage"},"thumbnailUrl":"https:\/\/moreevenements.com\/wp-content\/uploads\/2025\/03\/more-point-1-300x23.png","datePublished":"2025-08-20T18:17:47+00:00","dateModified":"2025-10-20T20:24:42+00:00","description":"MORE \u00c9v\u00e9nement red\u00e9finit l\u2019approche humaine dans l\u2019\u00e9v\u00e9nementiel. Nous personnalisons vos \u00e9v\u00e9nements Corporatifs, Festifs ou vos moments. Exp\u00e9rience employ\u00e9 pour vous garantir des moments inoubliables.","breadcrumb":{"@id":"https:\/\/moreevenements.com\/contact\/#breadcrumb"},"inLanguage":"en-US","potentialAction":[{"@type":"ReadAction","target":["https:\/\/moreevenements.com\/contact\/"]}]},{"@type":"ImageObject","inLanguage":"en-US","@id":"https:\/\/moreevenements.com\/contact\/#primaryimage","url":"https:\/\/moreevenements.com\/wp-content\/uploads\/2025\/03\/more-point-1-300x23.png","contentUrl":"https:\/\/moreevenements.com\/wp-content\/uploads\/2025\/03\/more-point-1-300x23.png"},{"@type":"BreadcrumbList","@id":"https:\/\/moreevenements.com\/contact\/#breadcrumb","itemListElement":[{"@type":"ListItem","position":1,"name":"Accueil","item":"https:\/\/moreevenements.com\/en\/"},{"@type":"ListItem","position":2,"name":"Contact us"}]},{"@type":"WebSite","@id":"http:\/\/more.agencehigh5.com\/#website","url":"http:\/\/more.agencehigh5.com\/","name":"More \u00c9v\u00e9nements","description":"Moment Organis\u00e9 Riche en Exp\u00e9rience","publisher":{"@id":"http:\/\/more.agencehigh5.com\/#organization"},"potentialAction":[{"@type":"SearchAction","target":{"@type":"EntryPoint","urlTemplate":"http:\/\/more.agencehigh5.com\/?s={search_term_string}"},"query-input":{"@type":"PropertyValueSpecification","valueRequired":true,"valueName":"search_term_string"}}],"inLanguage":"en-US"},{"@type":"Organization","@id":"http:\/\/more.agencehigh5.com\/#organization","name":"MORE \u00c9\u00e9v\u00e9nements","url":"http:\/\/more.agencehigh5.com\/","logo":{"@type":"ImageObject","inLanguage":"en-US","@id":"http:\/\/more.agencehigh5.com\/#\/schema\/logo\/image\/","url":"https:\/\/moreevenements.com\/wp-content\/uploads\/2022\/12\/more-evenements-logo.png","contentUrl":"https:\/\/moreevenements.com\/wp-content\/uploads\/2022\/12\/more-evenements-logo.png","width":830,"height":244,"caption":"MORE \u00c9\u00e9v\u00e9nements"},"image":{"@id":"http:\/\/more.agencehigh5.com\/#\/schema\/logo\/image\/"},"sameAs":["https:\/\/www.facebook.com\/more.evenements","https:\/\/www.linkedin.com\/company\/more-evenements\/about\/","https:\/\/www.instagram.com\/more.evenements\/"]}]}},"_links":{"self":[{"href":"https:\/\/moreevenements.com\/en\/wp-json\/wp\/v2\/pages\/1477","targetHints":{"allow":["GET"]}}],"collection":[{"href":"https:\/\/moreevenements.com\/en\/wp-json\/wp\/v2\/pages"}],"about":[{"href":"https:\/\/moreevenements.com\/en\/wp-json\/wp\/v2\/types\/page"}],"author":[{"embeddable":true,"href":"https:\/\/moreevenements.com\/en\/wp-json\/wp\/v2\/users\/3"}],"replies":[{"embeddable":true,"href":"https:\/\/moreevenements.com\/en\/wp-json\/wp\/v2\/comments?post=1477"}],"version-history":[{"count":11,"href":"https:\/\/moreevenements.com\/en\/wp-json\/wp\/v2\/pages\/1477\/revisions"}],"predecessor-version":[{"id":1625,"href":"https:\/\/moreevenements.com\/en\/wp-json\/wp\/v2\/pages\/1477\/revisions\/1625"}],"wp:attachment":[{"href":"https:\/\/moreevenements.com\/en\/wp-json\/wp\/v2\/media?parent=1477"}],"curies":[{"name":"wp","href":"https:\/\/api.w.org\/{rel}","templated":true}]}}