{"id":56,"date":"2022-11-14T14:14:29","date_gmt":"2022-11-14T19:14:29","guid":{"rendered":"https:\/\/moreevenements.com\/about\/"},"modified":"2023-01-16T19:51:10","modified_gmt":"2023-01-17T00:51:10","slug":"about","status":"publish","type":"page","link":"https:\/\/moreevenements.com\/en\/about\/","title":{"rendered":"About"},"content":{"rendered":"<div class=\"wp-block-cover banner-block\">\n\t<span aria-hidden=\"true\" class=\"wp-block-cover__background has-marine-background-color has-background-dim-80 has-background-dim\"><\/span>\n\t<img loading=\"lazy\" loading=\"lazy\" width=\"1920\" height=\"500\" src=\"https:\/\/moreevenements.com\/wp-content\/uploads\/2022\/11\/banner-about.jpg\" class=\"wp-block-cover__image-background wp-post-image\" alt=\"\" decoding=\"async\" data-object-fit=\"cover\">\n\t<div class=\"wp-block-cover__inner-container\">\n\t\t<div class=\"is-layout-flow wp-block-group\">\n\t\t\t<h1 class=\"has-text-align-left has-heading-1-font-size\">About<\/h1>\n\t\t<\/div>\n\t<\/div>\n<\/div>\n\n\n<section class=\"media-content-block\">\n\t\n\n<div class=\"wp-block-media-text alignwide has-media-on-the-right\"><div class=\"wp-block-media-text__content\">\n<h2 class=\"wp-block-heading\">About Us<\/h2>\n\n\n\n<p>More \u00c9v\u00e9nements was born out of a conversation during a Sunday brunch on a fine spring morning in 2020. Our two successful founders created MORE \u00c9v\u00e9nement to inspire and execute unforgettable events for all of their clients.<\/p>\n\n\n\n<p>At MORE we get to practice our passion on a daily basis. Whether for an in-person or virtual event our team is always there to make the magic happen.<\/p>\n<\/div><figure class=\"wp-block-media-text__media\"><img fetchpriority=\"high\" decoding=\"async\" width=\"760\" height=\"760\" src=\"https:\/\/moreevenements.com\/wp-content\/uploads\/2022\/12\/marie-a-propos.jpg\" alt=\"\" class=\"wp-image-398 size-full\" srcset=\"https:\/\/moreevenements.com\/wp-content\/uploads\/2022\/12\/marie-a-propos.jpg 760w, https:\/\/moreevenements.com\/wp-content\/uploads\/2022\/12\/marie-a-propos-300x300.jpg 300w, https:\/\/moreevenements.com\/wp-content\/uploads\/2022\/12\/marie-a-propos-150x150.jpg 150w, https:\/\/moreevenements.com\/wp-content\/uploads\/2022\/12\/marie-a-propos-50x50.jpg 50w\" sizes=\"(max-width: 760px) 100vw, 760px\" \/><\/figure><\/div>\n\n\n<\/section>\n\n\n<section class=\"creators-block is-style-background-waves-beige wp-block-group\">\n\n\t<h2>The MORE creators<\/h2>\n\n\t<div class=\"creators\">\n\t\t\t\t\t<div class=\"creator\">\n\t\t\t\t<div class=\"creator-desktop\">\n\t\t\t\t\t<div class=\"creator-preview\">\n\t\t\t\t\t\t<img decoding=\"async\" src=\"https:\/\/moreevenements.com\/wp-content\/uploads\/2022\/12\/myra-kennedy.jpg\" alt=\"\">\n\t\t\t\t\t\t<h4>Myra Kennedy<\/h4>\n\t\t\t\t\t<\/div>\n\n\t\t\t\t\t<div class=\"creator-full is-style-background-waves-beige\">\n\t\t\t\t\t\t<div class=\"close\"><\/div>\n\t\t\t\t\t\t<div class=\"creator-full-wrapper\">\n\t\t\t\t\t\t\t<div class=\"creator-full-inner-wrapper\">\n\t\t\t\t\t\t\t\t<div class=\"creator-content\">\n\t\t\t\t\t\t\t\t\t<h3>Myra Kennedy<\/h3>\n\t\t\t\t\t\t\t\t\t<div>Dynamic, dedicated, a go-getter. Myra Kennedy has always had a strong sense of leadership. Her experience in management, her creativity coupled with her warm and colorful personality make her the perfect person to organize and lead your next event.<br \/>\r\n<br \/>\r\nSince completing her bachelor\u2019s degree in communications at UQAM, Myra has worked at Juste pour rire, the Bank of Montreal and BonLook. Curious by nature, these varied experiences have allowed her to cumulate a vast array of knowledge and talents.<br \/>\r\n<br \/>\r\nPassionate about the entertainment industry, she thrived for a few years in the world of burlesque before turning to competitive dance, which she still practices today. Flexible in life and at work, she always knows what to do in any situation. Ladies and gents, your magic master. <\/div>\n\t\t\t\t\t\t\t\t<\/div>\n\t\t\t\t\t\t\t\t<img decoding=\"async\" src=\"https:\/\/moreevenements.com\/wp-content\/uploads\/2022\/12\/myra_kennedy_full.png\" alt=\"\">\n\t\t\t\t\t\t\t<\/div>\n\t\t\t\t\t\t<\/div>\n\t\t\t\t\t<\/div>\n\t\t\t\t<\/div>\n\t\t\t\t<div class=\"creator-mobile\">\n\t\t\t\t\t<img decoding=\"async\" src=\"https:\/\/moreevenements.com\/wp-content\/uploads\/2022\/12\/myra-kennedy.jpg\" alt=\"\">\n\t\t\t\t\t<h3>Myra Kennedy<\/h3>\n\t\t\t\t\t<div>Dynamic, dedicated, a go-getter. Myra Kennedy has always had a strong sense of leadership. Her experience in management, her creativity coupled with her warm and colorful personality make her the perfect person to organize and lead your next event.<br \/>\r\n<br \/>\r\nSince completing her bachelor\u2019s degree in communications at UQAM, Myra has worked at Juste pour rire, the Bank of Montreal and BonLook. Curious by nature, these varied experiences have allowed her to cumulate a vast array of knowledge and talents.<br \/>\r\n<br \/>\r\nPassionate about the entertainment industry, she thrived for a few years in the world of burlesque before turning to competitive dance, which she still practices today. Flexible in life and at work, she always knows what to do in any situation. Ladies and gents, your magic master. <\/div>\n\t\t\t\t<\/div>\n\t\t\t<\/div>\n\n\t\t\t\t\t<div class=\"creator\">\n\t\t\t\t<div class=\"creator-desktop\">\n\t\t\t\t\t<div class=\"creator-preview\">\n\t\t\t\t\t\t<img decoding=\"async\" src=\"https:\/\/moreevenements.com\/wp-content\/uploads\/2022\/12\/marie-ducasse.jpg\" alt=\"\">\n\t\t\t\t\t\t<h4>Marie Ducasse<\/h4>\n\t\t\t\t\t<\/div>\n\n\t\t\t\t\t<div class=\"creator-full is-style-background-waves-beige\">\n\t\t\t\t\t\t<div class=\"close\"><\/div>\n\t\t\t\t\t\t<div class=\"creator-full-wrapper\">\n\t\t\t\t\t\t\t<div class=\"creator-full-inner-wrapper\">\n\t\t\t\t\t\t\t\t<div class=\"creator-content\">\n\t\t\t\t\t\t\t\t\t<h3>Marie Ducasse<\/h3>\n\t\t\t\t\t\t\t\t\t<div>Marie Ducasse completed her studies in the South of France. First a sales consultant during her school years, obtaining her diploma in Sales and Management led her directly to the position she coveted. Ultra ambitious, Marie also founded her own ready-to-wear clothing company before making one of the biggest decisions of her life: moving to Canada in 2016.<br \/>\r\n<br \/>\r\nUpon arriving in Quebec, she decided to immerse herself in the local culture before taking up a management position again. Quickly integrated, she finds a job similar to the one she had to leave within less than a year. Dedicated and talented in her work, she was then offered the position of Area Manager at Bonlook. There she will meet her colleague Myra Kennedy who will eventually become her business partner.<br \/>\r\n<br \/>\r\nIndeed, their shared passion for events led them to found More Events, a whole new concept. The idea comes to them during brunch one fine Sunday morning. Having both studied in the field of events and fun (family and corporate), it was a no-brainer that they would join forces and create something beautiful.<br \/>\r\n<br \/>\r\nThese founders complement each other wonderfully: Marie is more pragmatic and analytic in her work while Myra adds her creative touch. You can be sure that their complementarity will lead to innovative ideas and revolutionize the field of events. Everyone, please welcome the planner extraordinaire!<\/div>\n\t\t\t\t\t\t\t\t<\/div>\n\t\t\t\t\t\t\t\t<img decoding=\"async\" src=\"https:\/\/moreevenements.com\/wp-content\/uploads\/2022\/12\/more-evenements-marie-ducasse.jpg\" alt=\"\">\n\t\t\t\t\t\t\t<\/div>\n\t\t\t\t\t\t<\/div>\n\t\t\t\t\t<\/div>\n\t\t\t\t<\/div>\n\t\t\t\t<div class=\"creator-mobile\">\n\t\t\t\t\t<img decoding=\"async\" src=\"https:\/\/moreevenements.com\/wp-content\/uploads\/2022\/12\/marie-ducasse.jpg\" alt=\"\">\n\t\t\t\t\t<h3>Marie Ducasse<\/h3>\n\t\t\t\t\t<div>Marie Ducasse completed her studies in the South of France. First a sales consultant during her school years, obtaining her diploma in Sales and Management led her directly to the position she coveted. Ultra ambitious, Marie also founded her own ready-to-wear clothing company before making one of the biggest decisions of her life: moving to Canada in 2016.<br \/>\r\n<br \/>\r\nUpon arriving in Quebec, she decided to immerse herself in the local culture before taking up a management position again. Quickly integrated, she finds a job similar to the one she had to leave within less than a year. Dedicated and talented in her work, she was then offered the position of Area Manager at Bonlook. There she will meet her colleague Myra Kennedy who will eventually become her business partner.<br \/>\r\n<br \/>\r\nIndeed, their shared passion for events led them to found More Events, a whole new concept. The idea comes to them during brunch one fine Sunday morning. Having both studied in the field of events and fun (family and corporate), it was a no-brainer that they would join forces and create something beautiful.<br \/>\r\n<br \/>\r\nThese founders complement each other wonderfully: Marie is more pragmatic and analytic in her work while Myra adds her creative touch. You can be sure that their complementarity will lead to innovative ideas and revolutionize the field of events. Everyone, please welcome the planner extraordinaire!<\/div>\n\t\t\t\t<\/div>\n\t\t\t<\/div>\n\n\t\t\t<\/div>\n\n<\/section>\n\n\n<section class=\"partners-block container\">\n\t<div class=\"partners-block-wrapper\">\n\t\t\n\n<h2 class=\"wp-block-heading\">Partner<\/h2>\n\n\n\n<figure class=\"wp-block-image size-full\"><a href=\"https:\/\/www.agencehigh5.com\/\" target=\"_blank\" rel=\"noreferrer noopener\"><img decoding=\"async\" width=\"793\" height=\"361\" src=\"https:\/\/moreevenements.com\/wp-content\/uploads\/2022\/12\/high5-agence-creative-vertical-gradientnoir.png\" alt=\"\" class=\"wp-image-557\" srcset=\"https:\/\/moreevenements.com\/wp-content\/uploads\/2022\/12\/high5-agence-creative-vertical-gradientnoir.png 793w, https:\/\/moreevenements.com\/wp-content\/uploads\/2022\/12\/high5-agence-creative-vertical-gradientnoir-300x137.png 300w, https:\/\/moreevenements.com\/wp-content\/uploads\/2022\/12\/high5-agence-creative-vertical-gradientnoir-768x350.png 768w\" sizes=\"(max-width: 793px) 100vw, 793px\" \/><\/a><\/figure>\n\n\n\t<\/div>\n<\/section>\n\n\n\n<section class=\"cta-block\">\n\t<div class=\"wp-block-cover\" style=\"min-height:60rem\">\n\t\t<span aria-hidden=\"true\" class=\"wp-block-cover__background has-background-dim-30 has-background-dim\"><\/span>\n\t\t\t\t\t<img decoding=\"async\" width=\"1920\" height=\"600\" class=\"wp-block-cover__image-background\" alt=\"\" src=\"https:\/\/moreevenements.com\/wp-content\/uploads\/2022\/11\/image-cta-a-propos.jpg\" data-object-fit=\"cover\">\n\t\t\t\t<div class=\"wp-block-cover__inner-container\">\n\t\t\t<div class=\"wp-block-group\">\n\t\t\t\t\n\n<h2 class=\"has-text-align-center has-white-color has-text-color wp-block-heading\">You want to work with us?<\/h2>\n\n\n\n<div class=\"wp-block-buttons is-content-justification-center is-layout-flex wp-block-buttons-is-layout-flex\">\n<div class=\"wp-block-button is-style-secondary-button\"><a class=\"wp-block-button__link wp-element-button\" href=\"https:\/\/moreevenements.com\/en\/our-packages\/festive-experience\/\">Discover our packages<\/a><\/div>\n\n\n\t\t<div class=\"cta-button-block\">\n\t\t<a href=\"https:\/\/moreevenements.com\/en\/contact\/#rdv\" class=\"button cta-button\" target=\"_blank\">Book an appointment<\/a>\n\t<\/div>\n<\/div>\n\n\n\t\t\t<\/div>\n\t\t<\/div>\n\t<\/div>\n<\/section>","protected":false},"excerpt":{"rendered":"","protected":false},"author":1,"featured_media":294,"parent":0,"menu_order":1,"comment_status":"closed","ping_status":"closed","template":"","meta":{"_acf_changed":false,"content-type":"","inline_featured_image":false,"footnotes":""},"class_list":["post-56","page","type-page","status-publish","has-post-thumbnail","hentry"],"acf":[],"yoast_head":"<!-- This site is optimized with the Yoast SEO plugin v27.3 - https:\/\/yoast.com\/product\/yoast-seo-wordpress\/ -->\n<title>About | More \u00c9v\u00e9nements<\/title>\n<meta name=\"description\" content=\"MORE \u00c9v\u00e9nement red\u00e9finit l\u2019approche humaine dans l\u2019\u00e9v\u00e9nementiel. Nous personnalisons vos \u00e9v\u00e9nements Corporatifs, Festifs ou vos moments. Exp\u00e9rience employ\u00e9 pour vous garantir des moments inoubliables.\" \/>\n<meta name=\"robots\" content=\"index, follow, max-snippet:-1, max-image-preview:large, max-video-preview:-1\" \/>\n<link rel=\"canonical\" href=\"https:\/\/more.agencehigh5.com\/en\/about\/\" \/>\n<meta property=\"og:locale\" content=\"en_US\" \/>\n<meta property=\"og:type\" content=\"article\" \/>\n<meta property=\"og:title\" content=\"About | More \u00c9v\u00e9nements\" \/>\n<meta property=\"og:description\" content=\"MORE \u00c9v\u00e9nement red\u00e9finit l\u2019approche humaine dans l\u2019\u00e9v\u00e9nementiel. Nous personnalisons vos \u00e9v\u00e9nements Corporatifs, Festifs ou vos moments. Exp\u00e9rience employ\u00e9 pour vous garantir des moments inoubliables.\" \/>\n<meta property=\"og:url\" content=\"https:\/\/more.agencehigh5.com\/en\/about\/\" \/>\n<meta property=\"og:site_name\" content=\"More \u00c9v\u00e9nements\" \/>\n<meta property=\"article:publisher\" content=\"https:\/\/www.facebook.com\/more.evenements\" \/>\n<meta property=\"article:modified_time\" content=\"2023-01-17T00:51:10+00:00\" \/>\n<meta property=\"og:image\" content=\"https:\/\/more.agencehigh5.com\/wp-content\/uploads\/2022\/11\/banner-about.jpg\" \/>\n\t<meta property=\"og:image:width\" content=\"1920\" \/>\n\t<meta property=\"og:image:height\" content=\"500\" \/>\n\t<meta property=\"og:image:type\" content=\"image\/jpeg\" \/>\n<meta name=\"twitter:card\" content=\"summary_large_image\" \/>\n<meta name=\"twitter:label1\" content=\"Est. reading time\" \/>\n\t<meta name=\"twitter:data1\" content=\"1 minute\" \/>\n<script type=\"application\/ld+json\" class=\"yoast-schema-graph\">{\"@context\":\"https:\\\/\\\/schema.org\",\"@graph\":[{\"@type\":\"WebPage\",\"@id\":\"https:\\\/\\\/more.agencehigh5.com\\\/en\\\/about\\\/\",\"url\":\"https:\\\/\\\/more.agencehigh5.com\\\/en\\\/about\\\/\",\"name\":\"About | More \u00c9v\u00e9nements\",\"isPartOf\":{\"@id\":\"http:\\\/\\\/more.agencehigh5.com\\\/#website\"},\"primaryImageOfPage\":{\"@id\":\"https:\\\/\\\/more.agencehigh5.com\\\/en\\\/about\\\/#primaryimage\"},\"image\":{\"@id\":\"https:\\\/\\\/more.agencehigh5.com\\\/en\\\/about\\\/#primaryimage\"},\"thumbnailUrl\":\"https:\\\/\\\/moreevenements.com\\\/wp-content\\\/uploads\\\/2022\\\/11\\\/banner-about.jpg\",\"datePublished\":\"2022-11-14T19:14:29+00:00\",\"dateModified\":\"2023-01-17T00:51:10+00:00\",\"description\":\"MORE \u00c9v\u00e9nement red\u00e9finit l\u2019approche humaine dans l\u2019\u00e9v\u00e9nementiel. Nous personnalisons vos \u00e9v\u00e9nements Corporatifs, Festifs ou vos moments. Exp\u00e9rience employ\u00e9 pour vous garantir des moments inoubliables.\",\"breadcrumb\":{\"@id\":\"https:\\\/\\\/more.agencehigh5.com\\\/en\\\/about\\\/#breadcrumb\"},\"inLanguage\":\"en-US\",\"potentialAction\":[{\"@type\":\"ReadAction\",\"target\":[\"https:\\\/\\\/more.agencehigh5.com\\\/en\\\/about\\\/\"]}]},{\"@type\":\"ImageObject\",\"inLanguage\":\"en-US\",\"@id\":\"https:\\\/\\\/more.agencehigh5.com\\\/en\\\/about\\\/#primaryimage\",\"url\":\"https:\\\/\\\/moreevenements.com\\\/wp-content\\\/uploads\\\/2022\\\/11\\\/banner-about.jpg\",\"contentUrl\":\"https:\\\/\\\/moreevenements.com\\\/wp-content\\\/uploads\\\/2022\\\/11\\\/banner-about.jpg\",\"width\":1920,\"height\":500},{\"@type\":\"BreadcrumbList\",\"@id\":\"https:\\\/\\\/more.agencehigh5.com\\\/en\\\/about\\\/#breadcrumb\",\"itemListElement\":[{\"@type\":\"ListItem\",\"position\":1,\"name\":\"Accueil\",\"item\":\"https:\\\/\\\/moreevenements.com\\\/\"},{\"@type\":\"ListItem\",\"position\":2,\"name\":\"About\"}]},{\"@type\":\"WebSite\",\"@id\":\"http:\\\/\\\/more.agencehigh5.com\\\/#website\",\"url\":\"http:\\\/\\\/more.agencehigh5.com\\\/\",\"name\":\"More \u00c9v\u00e9nements\",\"description\":\"Moment Organis\u00e9 Riche en Exp\u00e9rience\",\"publisher\":{\"@id\":\"http:\\\/\\\/more.agencehigh5.com\\\/#organization\"},\"potentialAction\":[{\"@type\":\"SearchAction\",\"target\":{\"@type\":\"EntryPoint\",\"urlTemplate\":\"http:\\\/\\\/more.agencehigh5.com\\\/?s={search_term_string}\"},\"query-input\":{\"@type\":\"PropertyValueSpecification\",\"valueRequired\":true,\"valueName\":\"search_term_string\"}}],\"inLanguage\":\"en-US\"},{\"@type\":\"Organization\",\"@id\":\"http:\\\/\\\/more.agencehigh5.com\\\/#organization\",\"name\":\"MORE \u00c9\u00e9v\u00e9nements\",\"url\":\"http:\\\/\\\/more.agencehigh5.com\\\/\",\"logo\":{\"@type\":\"ImageObject\",\"inLanguage\":\"en-US\",\"@id\":\"http:\\\/\\\/more.agencehigh5.com\\\/#\\\/schema\\\/logo\\\/image\\\/\",\"url\":\"https:\\\/\\\/moreevenements.com\\\/wp-content\\\/uploads\\\/2022\\\/12\\\/more-evenements-logo.png\",\"contentUrl\":\"https:\\\/\\\/moreevenements.com\\\/wp-content\\\/uploads\\\/2022\\\/12\\\/more-evenements-logo.png\",\"width\":830,\"height\":244,\"caption\":\"MORE \u00c9\u00e9v\u00e9nements\"},\"image\":{\"@id\":\"http:\\\/\\\/more.agencehigh5.com\\\/#\\\/schema\\\/logo\\\/image\\\/\"},\"sameAs\":[\"https:\\\/\\\/www.facebook.com\\\/more.evenements\",\"https:\\\/\\\/www.linkedin.com\\\/company\\\/more-evenements\\\/about\\\/\",\"https:\\\/\\\/www.instagram.com\\\/more.evenements\\\/\"]}]}<\/script>\n<!-- \/ Yoast SEO plugin. -->","yoast_head_json":{"title":"About | More \u00c9v\u00e9nements","description":"MORE \u00c9v\u00e9nement red\u00e9finit l\u2019approche humaine dans l\u2019\u00e9v\u00e9nementiel. Nous personnalisons vos \u00e9v\u00e9nements Corporatifs, Festifs ou vos moments. Exp\u00e9rience employ\u00e9 pour vous garantir des moments inoubliables.","robots":{"index":"index","follow":"follow","max-snippet":"max-snippet:-1","max-image-preview":"max-image-preview:large","max-video-preview":"max-video-preview:-1"},"canonical":"https:\/\/more.agencehigh5.com\/en\/about\/","og_locale":"en_US","og_type":"article","og_title":"About | More \u00c9v\u00e9nements","og_description":"MORE \u00c9v\u00e9nement red\u00e9finit l\u2019approche humaine dans l\u2019\u00e9v\u00e9nementiel. Nous personnalisons vos \u00e9v\u00e9nements Corporatifs, Festifs ou vos moments. Exp\u00e9rience employ\u00e9 pour vous garantir des moments inoubliables.","og_url":"https:\/\/more.agencehigh5.com\/en\/about\/","og_site_name":"More \u00c9v\u00e9nements","article_publisher":"https:\/\/www.facebook.com\/more.evenements","article_modified_time":"2023-01-17T00:51:10+00:00","og_image":[{"width":1920,"height":500,"url":"https:\/\/more.agencehigh5.com\/wp-content\/uploads\/2022\/11\/banner-about.jpg","type":"image\/jpeg"}],"twitter_card":"summary_large_image","twitter_misc":{"Est. reading time":"1 minute"},"schema":{"@context":"https:\/\/schema.org","@graph":[{"@type":"WebPage","@id":"https:\/\/more.agencehigh5.com\/en\/about\/","url":"https:\/\/more.agencehigh5.com\/en\/about\/","name":"About | More \u00c9v\u00e9nements","isPartOf":{"@id":"http:\/\/more.agencehigh5.com\/#website"},"primaryImageOfPage":{"@id":"https:\/\/more.agencehigh5.com\/en\/about\/#primaryimage"},"image":{"@id":"https:\/\/more.agencehigh5.com\/en\/about\/#primaryimage"},"thumbnailUrl":"https:\/\/moreevenements.com\/wp-content\/uploads\/2022\/11\/banner-about.jpg","datePublished":"2022-11-14T19:14:29+00:00","dateModified":"2023-01-17T00:51:10+00:00","description":"MORE \u00c9v\u00e9nement red\u00e9finit l\u2019approche humaine dans l\u2019\u00e9v\u00e9nementiel. Nous personnalisons vos \u00e9v\u00e9nements Corporatifs, Festifs ou vos moments. Exp\u00e9rience employ\u00e9 pour vous garantir des moments inoubliables.","breadcrumb":{"@id":"https:\/\/more.agencehigh5.com\/en\/about\/#breadcrumb"},"inLanguage":"en-US","potentialAction":[{"@type":"ReadAction","target":["https:\/\/more.agencehigh5.com\/en\/about\/"]}]},{"@type":"ImageObject","inLanguage":"en-US","@id":"https:\/\/more.agencehigh5.com\/en\/about\/#primaryimage","url":"https:\/\/moreevenements.com\/wp-content\/uploads\/2022\/11\/banner-about.jpg","contentUrl":"https:\/\/moreevenements.com\/wp-content\/uploads\/2022\/11\/banner-about.jpg","width":1920,"height":500},{"@type":"BreadcrumbList","@id":"https:\/\/more.agencehigh5.com\/en\/about\/#breadcrumb","itemListElement":[{"@type":"ListItem","position":1,"name":"Accueil","item":"https:\/\/moreevenements.com\/"},{"@type":"ListItem","position":2,"name":"About"}]},{"@type":"WebSite","@id":"http:\/\/more.agencehigh5.com\/#website","url":"http:\/\/more.agencehigh5.com\/","name":"More \u00c9v\u00e9nements","description":"Moment Organis\u00e9 Riche en Exp\u00e9rience","publisher":{"@id":"http:\/\/more.agencehigh5.com\/#organization"},"potentialAction":[{"@type":"SearchAction","target":{"@type":"EntryPoint","urlTemplate":"http:\/\/more.agencehigh5.com\/?s={search_term_string}"},"query-input":{"@type":"PropertyValueSpecification","valueRequired":true,"valueName":"search_term_string"}}],"inLanguage":"en-US"},{"@type":"Organization","@id":"http:\/\/more.agencehigh5.com\/#organization","name":"MORE \u00c9\u00e9v\u00e9nements","url":"http:\/\/more.agencehigh5.com\/","logo":{"@type":"ImageObject","inLanguage":"en-US","@id":"http:\/\/more.agencehigh5.com\/#\/schema\/logo\/image\/","url":"https:\/\/moreevenements.com\/wp-content\/uploads\/2022\/12\/more-evenements-logo.png","contentUrl":"https:\/\/moreevenements.com\/wp-content\/uploads\/2022\/12\/more-evenements-logo.png","width":830,"height":244,"caption":"MORE \u00c9\u00e9v\u00e9nements"},"image":{"@id":"http:\/\/more.agencehigh5.com\/#\/schema\/logo\/image\/"},"sameAs":["https:\/\/www.facebook.com\/more.evenements","https:\/\/www.linkedin.com\/company\/more-evenements\/about\/","https:\/\/www.instagram.com\/more.evenements\/"]}]}},"_links":{"self":[{"href":"https:\/\/moreevenements.com\/en\/wp-json\/wp\/v2\/pages\/56","targetHints":{"allow":["GET"]}}],"collection":[{"href":"https:\/\/moreevenements.com\/en\/wp-json\/wp\/v2\/pages"}],"about":[{"href":"https:\/\/moreevenements.com\/en\/wp-json\/wp\/v2\/types\/page"}],"author":[{"embeddable":true,"href":"https:\/\/moreevenements.com\/en\/wp-json\/wp\/v2\/users\/1"}],"replies":[{"embeddable":true,"href":"https:\/\/moreevenements.com\/en\/wp-json\/wp\/v2\/comments?post=56"}],"version-history":[{"count":24,"href":"https:\/\/moreevenements.com\/en\/wp-json\/wp\/v2\/pages\/56\/revisions"}],"predecessor-version":[{"id":680,"href":"https:\/\/moreevenements.com\/en\/wp-json\/wp\/v2\/pages\/56\/revisions\/680"}],"wp:featuredmedia":[{"embeddable":true,"href":"https:\/\/moreevenements.com\/en\/wp-json\/wp\/v2\/media\/294"}],"wp:attachment":[{"href":"https:\/\/moreevenements.com\/en\/wp-json\/wp\/v2\/media?parent=56"}],"curies":[{"name":"wp","href":"https:\/\/api.w.org\/{rel}","templated":true}]}}