{"id":60,"date":"2022-11-14T14:16:41","date_gmt":"2022-11-14T19:16:41","guid":{"rendered":"https:\/\/moreevenements.com\/contact\/"},"modified":"2025-08-25T11:46:08","modified_gmt":"2025-08-25T15:46:08","slug":"contact-us","status":"publish","type":"page","link":"https:\/\/moreevenements.com\/en\/contact-us\/","title":{"rendered":"Contact us"},"content":{"rendered":"<div class=\"wp-block-cover banner-block\">\n\t<span aria-hidden=\"true\" class=\"wp-block-cover__background has-marine-background-color has-background-dim-80 has-background-dim\"><\/span>\n\t<img loading=\"lazy\" loading=\"lazy\" width=\"1920\" height=\"500\" src=\"https:\/\/moreevenements.com\/wp-content\/uploads\/2022\/11\/banner-contact.jpg\" class=\"wp-block-cover__image-background wp-post-image\" alt=\"\" decoding=\"async\" data-object-fit=\"cover\">\n\t<div class=\"wp-block-cover__inner-container\">\n\t\t<div class=\"is-layout-flow wp-block-group\">\n\t\t\t<h1 class=\"has-text-align-left has-heading-1-font-size\">Contact us<\/h1>\n\t\t<\/div>\n\t<\/div>\n<\/div>\n\n\n<section class=\"contact-block wp-block-group is-style-background-diamonds\">\n\t\n\n<div class=\"wp-block-columns is-layout-flex wp-container-core-columns-is-layout-9d6595d7 wp-block-columns-is-layout-flex\">\n<div class=\"wp-block-column is-layout-flow wp-block-column-is-layout-flow\">\n<h2 class=\"wp-block-heading\">It\u2019s showtime!<\/h2>\n\n\n\n<p>Join us and let\u2019s create some timeless moments together!<\/p>\n\n\n\t\t<div class=\"cta-button-block is-style-hover-border\">\n\t\t<a href=\"https:\/\/moreevenements.com\/en\/contact\/#rdv\" class=\"button cta-button\" target=\"_blank\">Book an appointment<\/a>\n\t<\/div>\n<\/div>\n\n\n\n<div class=\"wp-block-column is-layout-flow wp-block-column-is-layout-flow\"><script type=\"text\/javascript\">\n\/* <![CDATA[ *\/\nvar gform;gform||(document.addEventListener(\"gform_main_scripts_loaded\",function(){gform.scriptsLoaded=!0}),document.addEventListener(\"gform\/theme\/scripts_loaded\",function(){gform.themeScriptsLoaded=!0}),window.addEventListener(\"DOMContentLoaded\",function(){gform.domLoaded=!0}),gform={domLoaded:!1,scriptsLoaded:!1,themeScriptsLoaded:!1,isFormEditor:()=>\"function\"==typeof InitializeEditor,callIfLoaded:function(o){return!(!gform.domLoaded||!gform.scriptsLoaded||!gform.themeScriptsLoaded&&!gform.isFormEditor()||(gform.isFormEditor()&&console.warn(\"The use of gform.initializeOnLoaded() is deprecated in the form editor context and will be removed in Gravity Forms 3.1.\"),o(),0))},initializeOnLoaded:function(o){gform.callIfLoaded(o)||(document.addEventListener(\"gform_main_scripts_loaded\",()=>{gform.scriptsLoaded=!0,gform.callIfLoaded(o)}),document.addEventListener(\"gform\/theme\/scripts_loaded\",()=>{gform.themeScriptsLoaded=!0,gform.callIfLoaded(o)}),window.addEventListener(\"DOMContentLoaded\",()=>{gform.domLoaded=!0,gform.callIfLoaded(o)}))},hooks:{action:{},filter:{}},addAction:function(o,r,e,t){gform.addHook(\"action\",o,r,e,t)},addFilter:function(o,r,e,t){gform.addHook(\"filter\",o,r,e,t)},doAction:function(o){gform.doHook(\"action\",o,arguments)},applyFilters:function(o){return gform.doHook(\"filter\",o,arguments)},removeAction:function(o,r){gform.removeHook(\"action\",o,r)},removeFilter:function(o,r,e){gform.removeHook(\"filter\",o,r,e)},addHook:function(o,r,e,t,n){null==gform.hooks[o][r]&&(gform.hooks[o][r]=[]);var d=gform.hooks[o][r];null==n&&(n=r+\"_\"+d.length),gform.hooks[o][r].push({tag:n,callable:e,priority:t=null==t?10:t})},doHook:function(r,o,e){var t;if(e=Array.prototype.slice.call(e,1),null!=gform.hooks[r][o]&&((o=gform.hooks[r][o]).sort(function(o,r){return o.priority-r.priority}),o.forEach(function(o){\"function\"!=typeof(t=o.callable)&&(t=window[t]),\"action\"==r?t.apply(null,e):e[0]=t.apply(null,e)})),\"filter\"==r)return e[0]},removeHook:function(o,r,t,n){var e;null!=gform.hooks[o][r]&&(e=(e=gform.hooks[o][r]).filter(function(o,r,e){return!!(null!=n&&n!=o.tag||null!=t&&t!=o.priority)}),gform.hooks[o][r]=e)}});\n\/* ]]> *\/\n<\/script>\n\n                <div class='gf_browser_gecko gform_wrapper gravity-theme gform-theme--no-framework contact-form_wrapper' data-form-theme='gravity-theme' data-form-index='0' id='gform_wrapper_2' ><form method='post' enctype='multipart\/form-data'  id='gform_2' class='contact-form' action='\/en\/wp-json\/wp\/v2\/pages\/60' data-formid='2' novalidate><div class='gf_invisible ginput_recaptchav3' data-sitekey='6Ld4zHokAAAAAMK_EEXHjZtfPOH3_w34dqsP3wFO' data-tabindex='0'><input id=\"input_e2b319fd2e41264554e8d155ce5222e0\" class=\"gfield_recaptcha_response\" type=\"hidden\" name=\"input_e2b319fd2e41264554e8d155ce5222e0\" value=\"\"\/><\/div>\n                        <div class='gform-body gform_body'><div id='gform_fields_2' class='gform_fields top_label form_sublabel_below description_below validation_below'><div id=\"field_2_1\" class=\"gfield gfield--type-text gfield_contains_required field_sublabel_below gfield--no-description field_description_below hidden_label field_validation_below gfield_visibility_visible\"  ><label class='gfield_label gform-field-label' for='input_2_1'>Full name<span class=\"gfield_required\"><span class=\"gfield_required gfield_required_text\">(Required)<\/span><\/span><\/label><div class='ginput_container ginput_container_text'><input name='input_1' id='input_2_1' type='text' value='' class='large'    placeholder='Full name' aria-required=\"true\" aria-invalid=\"false\"   \/><\/div><\/div><div id=\"field_2_2\" class=\"gfield gfield--type-email gfield--width-full gfield_contains_required field_sublabel_below gfield--no-description field_description_below hidden_label field_validation_below gfield_visibility_visible\"  ><label class='gfield_label gform-field-label' for='input_2_2'>Email<span class=\"gfield_required\"><span class=\"gfield_required gfield_required_text\">(Required)<\/span><\/span><\/label><div class='ginput_container ginput_container_email'>\n                            <input name='input_2' id='input_2_2' type='email' value='' class='large'   placeholder='Email' aria-required=\"true\" aria-invalid=\"false\"  \/>\n                        <\/div><\/div><div id=\"field_2_3\" class=\"gfield gfield--type-textarea gfield--width-full gfield_contains_required field_sublabel_below gfield--no-description field_description_below hidden_label field_validation_below gfield_visibility_visible\"  ><label class='gfield_label gform-field-label' for='input_2_3'>Message<span class=\"gfield_required\"><span class=\"gfield_required gfield_required_text\">(Required)<\/span><\/span><\/label><div class='ginput_container ginput_container_textarea'><textarea name='input_3' id='input_2_3' class='textarea medium'    placeholder='Message' aria-required=\"true\" aria-invalid=\"false\"   rows='10' cols='50'><\/textarea><\/div><\/div><\/div><\/div>\n        <div class='gform-footer gform_footer top_label'> <button class='button gform_button is-style-hover-border' id='gform_submit_button_2'>Submit<\/button> \n            <input type='hidden' class='gform_hidden' name='gform_submission_method' data-js='gform_submission_method_2' value='postback' \/>\n            <input type='hidden' class='gform_hidden' name='gform_theme' data-js='gform_theme_2' id='gform_theme_2' value='gravity-theme' \/>\n            <input type='hidden' class='gform_hidden' name='gform_style_settings' data-js='gform_style_settings_2' id='gform_style_settings_2' value='{&quot;inputPrimaryColor&quot;:&quot;#204ce5&quot;}' \/>\n            <input type='hidden' class='gform_hidden' name='is_submit_2' value='1' \/>\n            <input type='hidden' class='gform_hidden' name='gform_submit' value='2' \/>\n            \n            <input type='hidden' class='gform_hidden' name='gform_currency' data-currency='CAD' value='ovYS6NB2r140npQA19fYIs9c\/9f0oi12Jp+K7kL1r7NPnNyGggYnsjuGmCJ5PDgsjT5y+HfkoWMQChFVEGfm3Sv8G1hVQgf5MGYBfpU4nfK2Png=' \/>\n            <input type='hidden' class='gform_hidden' name='gform_unique_id' value='' \/>\n            <input type='hidden' class='gform_hidden' name='state_2' value='WyJbXSIsIjM1YTgxYTE0ZGExNzJiYjRjYzIyMTg2YTlhZjQ3OTRmIl0=' \/>\n            <input type='hidden' autocomplete='off' class='gform_hidden' name='gform_target_page_number_2' id='gform_target_page_number_2' value='0' \/>\n            <input type='hidden' autocomplete='off' class='gform_hidden' name='gform_source_page_number_2' id='gform_source_page_number_2' value='1' \/>\n            <input type='hidden' name='gform_field_values' value='' \/>\n            \n        <\/div>\n                        <\/form>\n                        <\/div><script type=\"text\/javascript\">\n\/* <![CDATA[ *\/\n gform.initializeOnLoaded( function() {gformInitSpinner( 2, 'https:\/\/moreevenements.com\/wp-content\/plugins\/gravityforms\/images\/spinner.svg', true );jQuery('#gform_ajax_frame_2').on('load',function(){var contents = jQuery(this).contents().find('*').html();var is_postback = contents.indexOf('GF_AJAX_POSTBACK') >= 0;if(!is_postback){return;}var form_content = jQuery(this).contents().find('#gform_wrapper_2');var is_confirmation = jQuery(this).contents().find('#gform_confirmation_wrapper_2').length > 0;var is_redirect = contents.indexOf('gformRedirect(){') >= 0;var is_form = form_content.length > 0 && ! is_redirect && ! is_confirmation;var mt = parseInt(jQuery('html').css('margin-top'), 10) + parseInt(jQuery('body').css('margin-top'), 10) + 100;if(is_form){jQuery('#gform_wrapper_2').html(form_content.html());if(form_content.hasClass('gform_validation_error')){jQuery('#gform_wrapper_2').addClass('gform_validation_error');} else {jQuery('#gform_wrapper_2').removeClass('gform_validation_error');}setTimeout( function() { \/* delay the scroll by 50 milliseconds to fix a bug in chrome *\/  }, 50 );if(window['gformInitDatepicker']) {gformInitDatepicker();}if(window['gformInitPriceFields']) {gformInitPriceFields();}var current_page = jQuery('#gform_source_page_number_2').val();gformInitSpinner( 2, 'https:\/\/moreevenements.com\/wp-content\/plugins\/gravityforms\/images\/spinner.svg', true );jQuery(document).trigger('gform_page_loaded', [2, current_page]);window['gf_submitting_2'] = false;}else if(!is_redirect){var confirmation_content = jQuery(this).contents().find('.GF_AJAX_POSTBACK').html();if(!confirmation_content){confirmation_content = contents;}jQuery('#gform_wrapper_2').replaceWith(confirmation_content);jQuery(document).trigger('gform_confirmation_loaded', [2]);window['gf_submitting_2'] = false;wp.a11y.speak(jQuery('#gform_confirmation_message_2').text());}else{jQuery('#gform_2').append(contents);if(window['gformRedirect']) {gformRedirect();}}jQuery(document).trigger(\"gform_pre_post_render\", [{ formId: \"2\", currentPage: \"current_page\", abort: function() { this.preventDefault(); } }]);        if (event && event.defaultPrevented) {                return;        }        const gformWrapperDiv = document.getElementById( \"gform_wrapper_2\" );        if ( gformWrapperDiv ) {            const visibilitySpan = document.createElement( \"span\" );            visibilitySpan.id = \"gform_visibility_test_2\";            gformWrapperDiv.insertAdjacentElement( \"afterend\", visibilitySpan );        }        const visibilityTestDiv = document.getElementById( \"gform_visibility_test_2\" );        let postRenderFired = false;        function triggerPostRender() {            if ( postRenderFired ) {                return;            }            postRenderFired = true;            gform.core.triggerPostRenderEvents( 2, current_page );            if ( visibilityTestDiv ) {                visibilityTestDiv.parentNode.removeChild( visibilityTestDiv );            }        }        function debounce( func, wait, immediate ) {            var timeout;            return function() {                var context = this, args = arguments;                var later = function() {                    timeout = null;                    if ( !immediate ) func.apply( context, args );                };                var callNow = immediate && !timeout;                clearTimeout( timeout );                timeout = setTimeout( later, wait );                if ( callNow ) func.apply( context, args );            };        }        const debouncedTriggerPostRender = debounce( function() {            triggerPostRender();        }, 200 );        if ( visibilityTestDiv && visibilityTestDiv.offsetParent === null ) {            const observer = new MutationObserver( ( mutations ) => {                mutations.forEach( ( mutation ) => {                    if ( mutation.type === 'attributes' && visibilityTestDiv.offsetParent !== null ) {                        debouncedTriggerPostRender();                        observer.disconnect();                    }                });            });            observer.observe( document.body, {                attributes: true,                childList: false,                subtree: true,                attributeFilter: [ 'style', 'class' ],            });        } else {            triggerPostRender();        }    } );} ); \n\/* ]]> *\/\n<\/script>\n<\/div>\n<\/div>\n\n\n<\/section>","protected":false},"excerpt":{"rendered":"","protected":false},"author":1,"featured_media":304,"parent":0,"menu_order":8,"comment_status":"closed","ping_status":"closed","template":"","meta":{"_acf_changed":false,"content-type":"","inline_featured_image":false,"footnotes":""},"class_list":["post-60","page","type-page","status-publish","has-post-thumbnail","hentry"],"acf":[],"yoast_head":"<!-- This site is optimized with the Yoast SEO plugin v27.3 - https:\/\/yoast.com\/product\/yoast-seo-wordpress\/ -->\n<title>Contact us | More \u00c9v\u00e9nements<\/title>\n<meta name=\"description\" content=\"MORE \u00c9v\u00e9nement red\u00e9finit l\u2019approche humaine dans l\u2019\u00e9v\u00e9nementiel. Nous personnalisons vos \u00e9v\u00e9nements Corporatifs, Festifs ou vos moments. Exp\u00e9rience employ\u00e9 pour vous garantir des moments inoubliables.\" \/>\n<meta name=\"robots\" content=\"index, follow, max-snippet:-1, max-image-preview:large, max-video-preview:-1\" \/>\n<link rel=\"canonical\" href=\"https:\/\/moreevenements.com\/en\/contact-us\/\" \/>\n<meta property=\"og:locale\" content=\"en_US\" \/>\n<meta property=\"og:type\" content=\"article\" \/>\n<meta property=\"og:title\" content=\"Contact us | More \u00c9v\u00e9nements\" \/>\n<meta property=\"og:description\" content=\"MORE \u00c9v\u00e9nement red\u00e9finit l\u2019approche humaine dans l\u2019\u00e9v\u00e9nementiel. Nous personnalisons vos \u00e9v\u00e9nements Corporatifs, Festifs ou vos moments. Exp\u00e9rience employ\u00e9 pour vous garantir des moments inoubliables.\" \/>\n<meta property=\"og:url\" content=\"https:\/\/moreevenements.com\/en\/contact-us\/\" \/>\n<meta property=\"og:site_name\" content=\"More \u00c9v\u00e9nements\" \/>\n<meta property=\"article:publisher\" content=\"https:\/\/www.facebook.com\/more.evenements\" \/>\n<meta property=\"article:modified_time\" content=\"2025-08-25T15:46:08+00:00\" \/>\n<meta property=\"og:image\" content=\"https:\/\/moreevenements.com\/wp-content\/uploads\/2022\/11\/banner-contact.jpg\" \/>\n\t<meta property=\"og:image:width\" content=\"1920\" \/>\n\t<meta property=\"og:image:height\" content=\"500\" \/>\n\t<meta property=\"og:image:type\" content=\"image\/jpeg\" \/>\n<meta name=\"twitter:card\" content=\"summary_large_image\" \/>\n<meta name=\"twitter:label1\" content=\"Est. reading time\" \/>\n\t<meta name=\"twitter:data1\" content=\"1 minute\" \/>\n<script type=\"application\/ld+json\" class=\"yoast-schema-graph\">{\"@context\":\"https:\\\/\\\/schema.org\",\"@graph\":[{\"@type\":\"WebPage\",\"@id\":\"https:\\\/\\\/moreevenements.com\\\/en\\\/contact-us\\\/\",\"url\":\"https:\\\/\\\/moreevenements.com\\\/en\\\/contact-us\\\/\",\"name\":\"Contact us | More \u00c9v\u00e9nements\",\"isPartOf\":{\"@id\":\"http:\\\/\\\/more.agencehigh5.com\\\/#website\"},\"primaryImageOfPage\":{\"@id\":\"https:\\\/\\\/moreevenements.com\\\/en\\\/contact-us\\\/#primaryimage\"},\"image\":{\"@id\":\"https:\\\/\\\/moreevenements.com\\\/en\\\/contact-us\\\/#primaryimage\"},\"thumbnailUrl\":\"https:\\\/\\\/moreevenements.com\\\/wp-content\\\/uploads\\\/2022\\\/11\\\/banner-contact.jpg\",\"datePublished\":\"2022-11-14T19:16:41+00:00\",\"dateModified\":\"2025-08-25T15:46:08+00:00\",\"description\":\"MORE \u00c9v\u00e9nement red\u00e9finit l\u2019approche humaine dans l\u2019\u00e9v\u00e9nementiel. Nous personnalisons vos \u00e9v\u00e9nements Corporatifs, Festifs ou vos moments. Exp\u00e9rience employ\u00e9 pour vous garantir des moments inoubliables.\",\"breadcrumb\":{\"@id\":\"https:\\\/\\\/moreevenements.com\\\/en\\\/contact-us\\\/#breadcrumb\"},\"inLanguage\":\"en-US\",\"potentialAction\":[{\"@type\":\"ReadAction\",\"target\":[\"https:\\\/\\\/moreevenements.com\\\/en\\\/contact-us\\\/\"]}]},{\"@type\":\"ImageObject\",\"inLanguage\":\"en-US\",\"@id\":\"https:\\\/\\\/moreevenements.com\\\/en\\\/contact-us\\\/#primaryimage\",\"url\":\"https:\\\/\\\/moreevenements.com\\\/wp-content\\\/uploads\\\/2022\\\/11\\\/banner-contact.jpg\",\"contentUrl\":\"https:\\\/\\\/moreevenements.com\\\/wp-content\\\/uploads\\\/2022\\\/11\\\/banner-contact.jpg\",\"width\":1920,\"height\":500},{\"@type\":\"BreadcrumbList\",\"@id\":\"https:\\\/\\\/moreevenements.com\\\/en\\\/contact-us\\\/#breadcrumb\",\"itemListElement\":[{\"@type\":\"ListItem\",\"position\":1,\"name\":\"Accueil\",\"item\":\"https:\\\/\\\/moreevenements.com\\\/\"},{\"@type\":\"ListItem\",\"position\":2,\"name\":\"Contact us\"}]},{\"@type\":\"WebSite\",\"@id\":\"http:\\\/\\\/more.agencehigh5.com\\\/#website\",\"url\":\"http:\\\/\\\/more.agencehigh5.com\\\/\",\"name\":\"More \u00c9v\u00e9nements\",\"description\":\"Moment Organis\u00e9 Riche en Exp\u00e9rience\",\"publisher\":{\"@id\":\"http:\\\/\\\/more.agencehigh5.com\\\/#organization\"},\"potentialAction\":[{\"@type\":\"SearchAction\",\"target\":{\"@type\":\"EntryPoint\",\"urlTemplate\":\"http:\\\/\\\/more.agencehigh5.com\\\/?s={search_term_string}\"},\"query-input\":{\"@type\":\"PropertyValueSpecification\",\"valueRequired\":true,\"valueName\":\"search_term_string\"}}],\"inLanguage\":\"en-US\"},{\"@type\":\"Organization\",\"@id\":\"http:\\\/\\\/more.agencehigh5.com\\\/#organization\",\"name\":\"MORE \u00c9\u00e9v\u00e9nements\",\"url\":\"http:\\\/\\\/more.agencehigh5.com\\\/\",\"logo\":{\"@type\":\"ImageObject\",\"inLanguage\":\"en-US\",\"@id\":\"http:\\\/\\\/more.agencehigh5.com\\\/#\\\/schema\\\/logo\\\/image\\\/\",\"url\":\"https:\\\/\\\/moreevenements.com\\\/wp-content\\\/uploads\\\/2022\\\/12\\\/more-evenements-logo.png\",\"contentUrl\":\"https:\\\/\\\/moreevenements.com\\\/wp-content\\\/uploads\\\/2022\\\/12\\\/more-evenements-logo.png\",\"width\":830,\"height\":244,\"caption\":\"MORE \u00c9\u00e9v\u00e9nements\"},\"image\":{\"@id\":\"http:\\\/\\\/more.agencehigh5.com\\\/#\\\/schema\\\/logo\\\/image\\\/\"},\"sameAs\":[\"https:\\\/\\\/www.facebook.com\\\/more.evenements\",\"https:\\\/\\\/www.linkedin.com\\\/company\\\/more-evenements\\\/about\\\/\",\"https:\\\/\\\/www.instagram.com\\\/more.evenements\\\/\"]}]}<\/script>\n<!-- \/ Yoast SEO plugin. -->","yoast_head_json":{"title":"Contact us | More \u00c9v\u00e9nements","description":"MORE \u00c9v\u00e9nement red\u00e9finit l\u2019approche humaine dans l\u2019\u00e9v\u00e9nementiel. Nous personnalisons vos \u00e9v\u00e9nements Corporatifs, Festifs ou vos moments. Exp\u00e9rience employ\u00e9 pour vous garantir des moments inoubliables.","robots":{"index":"index","follow":"follow","max-snippet":"max-snippet:-1","max-image-preview":"max-image-preview:large","max-video-preview":"max-video-preview:-1"},"canonical":"https:\/\/moreevenements.com\/en\/contact-us\/","og_locale":"en_US","og_type":"article","og_title":"Contact us | More \u00c9v\u00e9nements","og_description":"MORE \u00c9v\u00e9nement red\u00e9finit l\u2019approche humaine dans l\u2019\u00e9v\u00e9nementiel. Nous personnalisons vos \u00e9v\u00e9nements Corporatifs, Festifs ou vos moments. Exp\u00e9rience employ\u00e9 pour vous garantir des moments inoubliables.","og_url":"https:\/\/moreevenements.com\/en\/contact-us\/","og_site_name":"More \u00c9v\u00e9nements","article_publisher":"https:\/\/www.facebook.com\/more.evenements","article_modified_time":"2025-08-25T15:46:08+00:00","og_image":[{"width":1920,"height":500,"url":"https:\/\/moreevenements.com\/wp-content\/uploads\/2022\/11\/banner-contact.jpg","type":"image\/jpeg"}],"twitter_card":"summary_large_image","twitter_misc":{"Est. reading time":"1 minute"},"schema":{"@context":"https:\/\/schema.org","@graph":[{"@type":"WebPage","@id":"https:\/\/moreevenements.com\/en\/contact-us\/","url":"https:\/\/moreevenements.com\/en\/contact-us\/","name":"Contact us | More \u00c9v\u00e9nements","isPartOf":{"@id":"http:\/\/more.agencehigh5.com\/#website"},"primaryImageOfPage":{"@id":"https:\/\/moreevenements.com\/en\/contact-us\/#primaryimage"},"image":{"@id":"https:\/\/moreevenements.com\/en\/contact-us\/#primaryimage"},"thumbnailUrl":"https:\/\/moreevenements.com\/wp-content\/uploads\/2022\/11\/banner-contact.jpg","datePublished":"2022-11-14T19:16:41+00:00","dateModified":"2025-08-25T15:46:08+00:00","description":"MORE \u00c9v\u00e9nement red\u00e9finit l\u2019approche humaine dans l\u2019\u00e9v\u00e9nementiel. Nous personnalisons vos \u00e9v\u00e9nements Corporatifs, Festifs ou vos moments. Exp\u00e9rience employ\u00e9 pour vous garantir des moments inoubliables.","breadcrumb":{"@id":"https:\/\/moreevenements.com\/en\/contact-us\/#breadcrumb"},"inLanguage":"en-US","potentialAction":[{"@type":"ReadAction","target":["https:\/\/moreevenements.com\/en\/contact-us\/"]}]},{"@type":"ImageObject","inLanguage":"en-US","@id":"https:\/\/moreevenements.com\/en\/contact-us\/#primaryimage","url":"https:\/\/moreevenements.com\/wp-content\/uploads\/2022\/11\/banner-contact.jpg","contentUrl":"https:\/\/moreevenements.com\/wp-content\/uploads\/2022\/11\/banner-contact.jpg","width":1920,"height":500},{"@type":"BreadcrumbList","@id":"https:\/\/moreevenements.com\/en\/contact-us\/#breadcrumb","itemListElement":[{"@type":"ListItem","position":1,"name":"Accueil","item":"https:\/\/moreevenements.com\/"},{"@type":"ListItem","position":2,"name":"Contact us"}]},{"@type":"WebSite","@id":"http:\/\/more.agencehigh5.com\/#website","url":"http:\/\/more.agencehigh5.com\/","name":"More \u00c9v\u00e9nements","description":"Moment Organis\u00e9 Riche en Exp\u00e9rience","publisher":{"@id":"http:\/\/more.agencehigh5.com\/#organization"},"potentialAction":[{"@type":"SearchAction","target":{"@type":"EntryPoint","urlTemplate":"http:\/\/more.agencehigh5.com\/?s={search_term_string}"},"query-input":{"@type":"PropertyValueSpecification","valueRequired":true,"valueName":"search_term_string"}}],"inLanguage":"en-US"},{"@type":"Organization","@id":"http:\/\/more.agencehigh5.com\/#organization","name":"MORE \u00c9\u00e9v\u00e9nements","url":"http:\/\/more.agencehigh5.com\/","logo":{"@type":"ImageObject","inLanguage":"en-US","@id":"http:\/\/more.agencehigh5.com\/#\/schema\/logo\/image\/","url":"https:\/\/moreevenements.com\/wp-content\/uploads\/2022\/12\/more-evenements-logo.png","contentUrl":"https:\/\/moreevenements.com\/wp-content\/uploads\/2022\/12\/more-evenements-logo.png","width":830,"height":244,"caption":"MORE \u00c9\u00e9v\u00e9nements"},"image":{"@id":"http:\/\/more.agencehigh5.com\/#\/schema\/logo\/image\/"},"sameAs":["https:\/\/www.facebook.com\/more.evenements","https:\/\/www.linkedin.com\/company\/more-evenements\/about\/","https:\/\/www.instagram.com\/more.evenements\/"]}]}},"_links":{"self":[{"href":"https:\/\/moreevenements.com\/en\/wp-json\/wp\/v2\/pages\/60","targetHints":{"allow":["GET"]}}],"collection":[{"href":"https:\/\/moreevenements.com\/en\/wp-json\/wp\/v2\/pages"}],"about":[{"href":"https:\/\/moreevenements.com\/en\/wp-json\/wp\/v2\/types\/page"}],"author":[{"embeddable":true,"href":"https:\/\/moreevenements.com\/en\/wp-json\/wp\/v2\/users\/1"}],"replies":[{"embeddable":true,"href":"https:\/\/moreevenements.com\/en\/wp-json\/wp\/v2\/comments?post=60"}],"version-history":[{"count":10,"href":"https:\/\/moreevenements.com\/en\/wp-json\/wp\/v2\/pages\/60\/revisions"}],"predecessor-version":[{"id":1493,"href":"https:\/\/moreevenements.com\/en\/wp-json\/wp\/v2\/pages\/60\/revisions\/1493"}],"wp:featuredmedia":[{"embeddable":true,"href":"https:\/\/moreevenements.com\/en\/wp-json\/wp\/v2\/media\/304"}],"wp:attachment":[{"href":"https:\/\/moreevenements.com\/en\/wp-json\/wp\/v2\/media?parent=60"}],"curies":[{"name":"wp","href":"https:\/\/api.w.org\/{rel}","templated":true}]}}