{"id":68,"date":"2022-11-14T14:15:55","date_gmt":"2022-11-14T19:15:55","guid":{"rendered":"https:\/\/moreevenements.com\/our-packages\/experience-employe\/"},"modified":"2023-01-24T10:53:58","modified_gmt":"2023-01-24T15:53:58","slug":"employee-experience","status":"publish","type":"page","link":"https:\/\/moreevenements.com\/en\/our-packages\/employee-experience\/","title":{"rendered":"Employee Experience"},"content":{"rendered":"<div class=\"wp-block-cover banner-block\">\n\t<span aria-hidden=\"true\" class=\"wp-block-cover__background has-marine-background-color has-background-dim-80 has-background-dim\"><\/span>\n\t<img loading=\"lazy\" loading=\"lazy\" width=\"1920\" height=\"500\" src=\"https:\/\/moreevenements.com\/wp-content\/uploads\/2022\/11\/image-cta-forfait-festif.jpg\" class=\"wp-block-cover__image-background wp-post-image\" alt=\"\" decoding=\"async\" data-object-fit=\"cover\">\n\t<div class=\"wp-block-cover__inner-container\">\n\t\t<div class=\"is-layout-flow wp-block-group\">\n\t\t\t<h1 class=\"has-text-align-left has-heading-1-font-size\">Employee Experience<\/h1>\n\t\t<\/div>\n\t<\/div>\n<\/div>\n\n\n<section class=\"columns-block\">\n\t\n\n<div class=\"wp-block-columns is-layout-flex wp-container-core-columns-is-layout-9d6595d7 wp-block-columns-is-layout-flex\">\n<div class=\"wp-block-column is-layout-flow wp-block-column-is-layout-flow\">\n<h2 class=\"wp-block-heading\">Our Employee Experience Expertise<\/h2>\n<\/div>\n\n\n\n<div class=\"wp-block-column is-layout-flow wp-block-column-is-layout-flow\">\n<p>ACTION! Using events to maximize the employee experience : a no brainer.<br>Take advantage of our ten years of experience in personnel and employee management. <\/p>\n\n\n\n<p>Explode your ROI and annihilate your turnover rate. Let\u2019s work together to create an amazing employee experience with our specialized event services<\/p>\n\n\n\t\t<div class=\"cta-button-block is-style-hover-border\">\n\t\t<a href=\"https:\/\/moreevenements.com\/en\/contact\/#rdv\" class=\"button cta-button\" target=\"_blank\">Book an appointment<\/a>\n\t<\/div>\n<\/div>\n<\/div>\n\n\n<\/section>\n\n\n\n\n<section class=\"parallax-text-block\">\n\t\n\n<div class=\"wp-block-cover is-light has-parallax has-custom-content-position is-position-bottom-center\" style=\"min-height:77.5rem;aspect-ratio:unset;\"><span aria-hidden=\"true\" class=\"wp-block-cover__background has-background-dim-0 has-background-dim\"><\/span><div role=\"img\" class=\"wp-block-cover__image-background wp-image-342 has-parallax\" style=\"background-position:50% 50%;background-image:url(https:\/\/moreevenements.com\/wp-content\/uploads\/2022\/11\/accueil-forfait-corpo.jpg)\"><\/div><div class=\"wp-block-cover__inner-container is-layout-flow wp-block-cover-is-layout-flow\">\n<div class=\"wp-block-group is-layout-flow wp-block-group-is-layout-flow\">\n<h4 class=\"has-text-align-right wp-block-heading\" style=\"margin-bottom:3rem\"><\/h4>\n<\/div>\n<\/div><\/div>\n\n\n<\/section>\n\n\n\n<section class=\"package-details-block wp-block-group is-style-background-waves-beige\">\n\t\n\n<h2 class=\"wp-block-heading\">Two Packages to Create the Perfect Employee Experience!<\/h2>\n\n\n\n<div class=\"wp-block-columns is-layout-flex wp-container-core-columns-is-layout-9d6595d7 wp-block-columns-is-layout-flex\">\n<div class=\"wp-block-column is-layout-flow wp-block-column-is-layout-flow\">\n<h4 class=\"wp-block-heading\"><strong>ENGAGEMENT Package<\/strong><\/h4>\n\n\n\n<p>Do your people need a little boost? You have a new employee in the team? Need to reinvigorate cohesion? Foster team relationships and connections with our ENGAGEMENT packages.<\/p>\n\n\n\t\t<div class=\"cta-button-block only-on-desktop\">\n\t\t<a href=\"https:\/\/moreevenements.com\/en\/contact\/#rdv\" class=\"button cta-button\" target=\"_blank\">Book an appointment<\/a>\n\t<\/div>\n<\/div>\n\n\n\n<div class=\"wp-block-column is-layout-flow wp-block-column-is-layout-flow\">\n<h4 class=\"wp-block-heading\"><strong>ENTERTAINMENT Package<\/strong><\/h4>\n\n\n\n<p>Do your colleagues need a little break these days? Our ENTERTAINMENT package is the perfect option for your employees. Let our entertainers entertain you, stimulate your senses and get wrapped up in the experience! Your colleagues, teams and guests will be delighted!<\/p>\n\n\n\t\t<div class=\"cta-button-block only-on-mobile\">\n\t\t<a href=\"https:\/\/moreevenements.com\/en\/contact\/#rdv\" class=\"button cta-button\" target=\"_blank\">Book an appointment<\/a>\n\t<\/div>\n<\/div>\n<\/div>\n\n\n<\/section>\n\n\n\n\n<section class=\"media-content-block\">\n\t\n\n<div class=\"wp-block-media-text alignwide has-media-on-the-right\"><div class=\"wp-block-media-text__content\">\n<h2 class=\"has-marine-color has-text-color wp-block-heading\">Each Employee Experience Package Includes<\/h2>\n\n\n\n<ul class=\"wp-block-list\">\n<li>Employee engagement situation analysis, diagnostic and recommendations<\/li>\n\n\n\n<li>Planning and coaching to flawlessly execute of your engagement calendar activities.&nbsp;&nbsp;<\/li>\n\n\n\n<li>Strategic recommendations and activities in line with the level of engagement in your teams or companies.&nbsp;<\/li>\n\n\n\n<li>Optionnal: Activity facilitation and Master of Ceremonie services for planned events.<\/li>\n\n\n\n<li>Optionnal: Establishing an Engagement activity calendar<\/li>\n<\/ul>\n<\/div><figure class=\"wp-block-media-text__media\"><img fetchpriority=\"high\" decoding=\"async\" width=\"752\" height=\"752\" src=\"https:\/\/moreevenements.com\/wp-content\/uploads\/2022\/11\/image-realisation-6.jpg\" alt=\"\" class=\"wp-image-338 size-full\" srcset=\"https:\/\/moreevenements.com\/wp-content\/uploads\/2022\/11\/image-realisation-6.jpg 752w, https:\/\/moreevenements.com\/wp-content\/uploads\/2022\/11\/image-realisation-6-300x300.jpg 300w, https:\/\/moreevenements.com\/wp-content\/uploads\/2022\/11\/image-realisation-6-150x150.jpg 150w, https:\/\/moreevenements.com\/wp-content\/uploads\/2022\/11\/image-realisation-6-50x50.jpg 50w\" sizes=\"(max-width: 752px) 100vw, 752px\" \/><\/figure><\/div>\n\n\n<\/section>\n\n\n<section class=\"cta-block\">\n\t<div class=\"wp-block-cover\" style=\"min-height:60rem\">\n\t\t<span aria-hidden=\"true\" class=\"wp-block-cover__background has-background-dim-30 has-background-dim\"><\/span>\n\t\t\t\t\t<img decoding=\"async\" width=\"1920\" height=\"600\" class=\"wp-block-cover__image-background\" alt=\"\" src=\"https:\/\/moreevenements.com\/wp-content\/uploads\/2022\/11\/image-cta-a-propos.jpg\" data-object-fit=\"cover\">\n\t\t\t\t<div class=\"wp-block-cover__inner-container\">\n\t\t\t<div class=\"wp-block-group\">\n\t\t\t\t\n\n<h2 class=\"has-text-align-center has-white-color has-text-color wp-block-heading\">Places, roll camera, ACTION!<\/h2>\n\n\n\n<div class=\"wp-block-buttons is-content-justification-center is-layout-flex wp-block-buttons-is-layout-flex\">\n<div class=\"wp-block-button is-style-secondary-button\"><a class=\"wp-block-button__link wp-element-button\" href=\"https:\/\/moreevenements.com\/en\/our-packages\/festive-experience\/\">Discover our packages<\/a><\/div>\n\n\n\t\t<div class=\"cta-button-block\">\n\t\t<a href=\"https:\/\/moreevenements.com\/en\/contact\/#rdv\" class=\"button cta-button\" target=\"_blank\">Book an appointment<\/a>\n\t<\/div>\n<\/div>\n\n\n\t\t\t<\/div>\n\t\t<\/div>\n\t<\/div>\n<\/section>","protected":false},"excerpt":{"rendered":"","protected":false},"author":1,"featured_media":329,"parent":62,"menu_order":5,"comment_status":"closed","ping_status":"closed","template":"","meta":{"_acf_changed":false,"content-type":"","inline_featured_image":false,"footnotes":""},"class_list":["post-68","page","type-page","status-publish","has-post-thumbnail","hentry"],"acf":[],"yoast_head":"<!-- This site is optimized with the Yoast SEO plugin v27.3 - https:\/\/yoast.com\/product\/yoast-seo-wordpress\/ -->\n<title>Employee Experience | More \u00c9v\u00e9nements<\/title>\n<meta name=\"description\" content=\"MORE \u00c9v\u00e9nement red\u00e9finit l\u2019approche humaine dans l\u2019\u00e9v\u00e9nementiel. Nous personnalisons vos \u00e9v\u00e9nements Corporatifs, Festifs ou vos moments. Exp\u00e9rience employ\u00e9 pour vous garantir des moments inoubliables.\" \/>\n<meta name=\"robots\" content=\"index, follow, max-snippet:-1, max-image-preview:large, max-video-preview:-1\" \/>\n<link rel=\"canonical\" href=\"https:\/\/moreevenements.com\/en\/our-packages\/employee-experience\/\" \/>\n<meta property=\"og:locale\" content=\"en_US\" \/>\n<meta property=\"og:type\" content=\"article\" \/>\n<meta property=\"og:title\" content=\"Employee Experience | More \u00c9v\u00e9nements\" \/>\n<meta property=\"og:description\" content=\"MORE \u00c9v\u00e9nement red\u00e9finit l\u2019approche humaine dans l\u2019\u00e9v\u00e9nementiel. Nous personnalisons vos \u00e9v\u00e9nements Corporatifs, Festifs ou vos moments. Exp\u00e9rience employ\u00e9 pour vous garantir des moments inoubliables.\" \/>\n<meta property=\"og:url\" content=\"https:\/\/moreevenements.com\/en\/our-packages\/employee-experience\/\" \/>\n<meta property=\"og:site_name\" content=\"More \u00c9v\u00e9nements\" \/>\n<meta property=\"article:publisher\" content=\"https:\/\/www.facebook.com\/more.evenements\" \/>\n<meta property=\"article:modified_time\" content=\"2023-01-24T15:53:58+00:00\" \/>\n<meta property=\"og:image\" content=\"https:\/\/moreevenements.com\/wp-content\/uploads\/2022\/11\/image-cta-forfait-festif.jpg\" \/>\n\t<meta property=\"og:image:width\" content=\"1920\" \/>\n\t<meta property=\"og:image:height\" content=\"600\" \/>\n\t<meta property=\"og:image:type\" content=\"image\/jpeg\" \/>\n<meta name=\"twitter:card\" content=\"summary_large_image\" \/>\n<meta name=\"twitter:label1\" content=\"Est. reading time\" \/>\n\t<meta name=\"twitter:data1\" content=\"2 minutes\" \/>\n<script type=\"application\/ld+json\" class=\"yoast-schema-graph\">{\"@context\":\"https:\\\/\\\/schema.org\",\"@graph\":[{\"@type\":\"WebPage\",\"@id\":\"https:\\\/\\\/moreevenements.com\\\/en\\\/our-packages\\\/employee-experience\\\/\",\"url\":\"https:\\\/\\\/moreevenements.com\\\/en\\\/our-packages\\\/employee-experience\\\/\",\"name\":\"Employee Experience | More \u00c9v\u00e9nements\",\"isPartOf\":{\"@id\":\"http:\\\/\\\/more.agencehigh5.com\\\/#website\"},\"primaryImageOfPage\":{\"@id\":\"https:\\\/\\\/moreevenements.com\\\/en\\\/our-packages\\\/employee-experience\\\/#primaryimage\"},\"image\":{\"@id\":\"https:\\\/\\\/moreevenements.com\\\/en\\\/our-packages\\\/employee-experience\\\/#primaryimage\"},\"thumbnailUrl\":\"https:\\\/\\\/moreevenements.com\\\/wp-content\\\/uploads\\\/2022\\\/11\\\/image-cta-forfait-festif.jpg\",\"datePublished\":\"2022-11-14T19:15:55+00:00\",\"dateModified\":\"2023-01-24T15:53:58+00:00\",\"description\":\"MORE \u00c9v\u00e9nement red\u00e9finit l\u2019approche humaine dans l\u2019\u00e9v\u00e9nementiel. Nous personnalisons vos \u00e9v\u00e9nements Corporatifs, Festifs ou vos moments. Exp\u00e9rience employ\u00e9 pour vous garantir des moments inoubliables.\",\"breadcrumb\":{\"@id\":\"https:\\\/\\\/moreevenements.com\\\/en\\\/our-packages\\\/employee-experience\\\/#breadcrumb\"},\"inLanguage\":\"en-US\",\"potentialAction\":[{\"@type\":\"ReadAction\",\"target\":[\"https:\\\/\\\/moreevenements.com\\\/en\\\/our-packages\\\/employee-experience\\\/\"]}]},{\"@type\":\"ImageObject\",\"inLanguage\":\"en-US\",\"@id\":\"https:\\\/\\\/moreevenements.com\\\/en\\\/our-packages\\\/employee-experience\\\/#primaryimage\",\"url\":\"https:\\\/\\\/moreevenements.com\\\/wp-content\\\/uploads\\\/2022\\\/11\\\/image-cta-forfait-festif.jpg\",\"contentUrl\":\"https:\\\/\\\/moreevenements.com\\\/wp-content\\\/uploads\\\/2022\\\/11\\\/image-cta-forfait-festif.jpg\",\"width\":1920,\"height\":600},{\"@type\":\"BreadcrumbList\",\"@id\":\"https:\\\/\\\/moreevenements.com\\\/en\\\/our-packages\\\/employee-experience\\\/#breadcrumb\",\"itemListElement\":[{\"@type\":\"ListItem\",\"position\":1,\"name\":\"Accueil\",\"item\":\"https:\\\/\\\/moreevenements.com\\\/\"},{\"@type\":\"ListItem\",\"position\":2,\"name\":\"Our packages\",\"item\":\"http:\\\/\\\/more.agencehigh5.com\\\/en\\\/our-packages\\\/\"},{\"@type\":\"ListItem\",\"position\":3,\"name\":\"Employee Experience\"}]},{\"@type\":\"WebSite\",\"@id\":\"http:\\\/\\\/more.agencehigh5.com\\\/#website\",\"url\":\"http:\\\/\\\/more.agencehigh5.com\\\/\",\"name\":\"More \u00c9v\u00e9nements\",\"description\":\"Moment Organis\u00e9 Riche en Exp\u00e9rience\",\"publisher\":{\"@id\":\"http:\\\/\\\/more.agencehigh5.com\\\/#organization\"},\"potentialAction\":[{\"@type\":\"SearchAction\",\"target\":{\"@type\":\"EntryPoint\",\"urlTemplate\":\"http:\\\/\\\/more.agencehigh5.com\\\/?s={search_term_string}\"},\"query-input\":{\"@type\":\"PropertyValueSpecification\",\"valueRequired\":true,\"valueName\":\"search_term_string\"}}],\"inLanguage\":\"en-US\"},{\"@type\":\"Organization\",\"@id\":\"http:\\\/\\\/more.agencehigh5.com\\\/#organization\",\"name\":\"MORE \u00c9\u00e9v\u00e9nements\",\"url\":\"http:\\\/\\\/more.agencehigh5.com\\\/\",\"logo\":{\"@type\":\"ImageObject\",\"inLanguage\":\"en-US\",\"@id\":\"http:\\\/\\\/more.agencehigh5.com\\\/#\\\/schema\\\/logo\\\/image\\\/\",\"url\":\"https:\\\/\\\/moreevenements.com\\\/wp-content\\\/uploads\\\/2022\\\/12\\\/more-evenements-logo.png\",\"contentUrl\":\"https:\\\/\\\/moreevenements.com\\\/wp-content\\\/uploads\\\/2022\\\/12\\\/more-evenements-logo.png\",\"width\":830,\"height\":244,\"caption\":\"MORE \u00c9\u00e9v\u00e9nements\"},\"image\":{\"@id\":\"http:\\\/\\\/more.agencehigh5.com\\\/#\\\/schema\\\/logo\\\/image\\\/\"},\"sameAs\":[\"https:\\\/\\\/www.facebook.com\\\/more.evenements\",\"https:\\\/\\\/www.linkedin.com\\\/company\\\/more-evenements\\\/about\\\/\",\"https:\\\/\\\/www.instagram.com\\\/more.evenements\\\/\"]}]}<\/script>\n<!-- \/ Yoast SEO plugin. -->","yoast_head_json":{"title":"Employee Experience | More \u00c9v\u00e9nements","description":"MORE \u00c9v\u00e9nement red\u00e9finit l\u2019approche humaine dans l\u2019\u00e9v\u00e9nementiel. Nous personnalisons vos \u00e9v\u00e9nements Corporatifs, Festifs ou vos moments. Exp\u00e9rience employ\u00e9 pour vous garantir des moments inoubliables.","robots":{"index":"index","follow":"follow","max-snippet":"max-snippet:-1","max-image-preview":"max-image-preview:large","max-video-preview":"max-video-preview:-1"},"canonical":"https:\/\/moreevenements.com\/en\/our-packages\/employee-experience\/","og_locale":"en_US","og_type":"article","og_title":"Employee Experience | More \u00c9v\u00e9nements","og_description":"MORE \u00c9v\u00e9nement red\u00e9finit l\u2019approche humaine dans l\u2019\u00e9v\u00e9nementiel. Nous personnalisons vos \u00e9v\u00e9nements Corporatifs, Festifs ou vos moments. Exp\u00e9rience employ\u00e9 pour vous garantir des moments inoubliables.","og_url":"https:\/\/moreevenements.com\/en\/our-packages\/employee-experience\/","og_site_name":"More \u00c9v\u00e9nements","article_publisher":"https:\/\/www.facebook.com\/more.evenements","article_modified_time":"2023-01-24T15:53:58+00:00","og_image":[{"width":1920,"height":600,"url":"https:\/\/moreevenements.com\/wp-content\/uploads\/2022\/11\/image-cta-forfait-festif.jpg","type":"image\/jpeg"}],"twitter_card":"summary_large_image","twitter_misc":{"Est. reading time":"2 minutes"},"schema":{"@context":"https:\/\/schema.org","@graph":[{"@type":"WebPage","@id":"https:\/\/moreevenements.com\/en\/our-packages\/employee-experience\/","url":"https:\/\/moreevenements.com\/en\/our-packages\/employee-experience\/","name":"Employee Experience | More \u00c9v\u00e9nements","isPartOf":{"@id":"http:\/\/more.agencehigh5.com\/#website"},"primaryImageOfPage":{"@id":"https:\/\/moreevenements.com\/en\/our-packages\/employee-experience\/#primaryimage"},"image":{"@id":"https:\/\/moreevenements.com\/en\/our-packages\/employee-experience\/#primaryimage"},"thumbnailUrl":"https:\/\/moreevenements.com\/wp-content\/uploads\/2022\/11\/image-cta-forfait-festif.jpg","datePublished":"2022-11-14T19:15:55+00:00","dateModified":"2023-01-24T15:53:58+00:00","description":"MORE \u00c9v\u00e9nement red\u00e9finit l\u2019approche humaine dans l\u2019\u00e9v\u00e9nementiel. Nous personnalisons vos \u00e9v\u00e9nements Corporatifs, Festifs ou vos moments. Exp\u00e9rience employ\u00e9 pour vous garantir des moments inoubliables.","breadcrumb":{"@id":"https:\/\/moreevenements.com\/en\/our-packages\/employee-experience\/#breadcrumb"},"inLanguage":"en-US","potentialAction":[{"@type":"ReadAction","target":["https:\/\/moreevenements.com\/en\/our-packages\/employee-experience\/"]}]},{"@type":"ImageObject","inLanguage":"en-US","@id":"https:\/\/moreevenements.com\/en\/our-packages\/employee-experience\/#primaryimage","url":"https:\/\/moreevenements.com\/wp-content\/uploads\/2022\/11\/image-cta-forfait-festif.jpg","contentUrl":"https:\/\/moreevenements.com\/wp-content\/uploads\/2022\/11\/image-cta-forfait-festif.jpg","width":1920,"height":600},{"@type":"BreadcrumbList","@id":"https:\/\/moreevenements.com\/en\/our-packages\/employee-experience\/#breadcrumb","itemListElement":[{"@type":"ListItem","position":1,"name":"Accueil","item":"https:\/\/moreevenements.com\/"},{"@type":"ListItem","position":2,"name":"Our packages","item":"http:\/\/more.agencehigh5.com\/en\/our-packages\/"},{"@type":"ListItem","position":3,"name":"Employee Experience"}]},{"@type":"WebSite","@id":"http:\/\/more.agencehigh5.com\/#website","url":"http:\/\/more.agencehigh5.com\/","name":"More \u00c9v\u00e9nements","description":"Moment Organis\u00e9 Riche en Exp\u00e9rience","publisher":{"@id":"http:\/\/more.agencehigh5.com\/#organization"},"potentialAction":[{"@type":"SearchAction","target":{"@type":"EntryPoint","urlTemplate":"http:\/\/more.agencehigh5.com\/?s={search_term_string}"},"query-input":{"@type":"PropertyValueSpecification","valueRequired":true,"valueName":"search_term_string"}}],"inLanguage":"en-US"},{"@type":"Organization","@id":"http:\/\/more.agencehigh5.com\/#organization","name":"MORE \u00c9\u00e9v\u00e9nements","url":"http:\/\/more.agencehigh5.com\/","logo":{"@type":"ImageObject","inLanguage":"en-US","@id":"http:\/\/more.agencehigh5.com\/#\/schema\/logo\/image\/","url":"https:\/\/moreevenements.com\/wp-content\/uploads\/2022\/12\/more-evenements-logo.png","contentUrl":"https:\/\/moreevenements.com\/wp-content\/uploads\/2022\/12\/more-evenements-logo.png","width":830,"height":244,"caption":"MORE \u00c9\u00e9v\u00e9nements"},"image":{"@id":"http:\/\/more.agencehigh5.com\/#\/schema\/logo\/image\/"},"sameAs":["https:\/\/www.facebook.com\/more.evenements","https:\/\/www.linkedin.com\/company\/more-evenements\/about\/","https:\/\/www.instagram.com\/more.evenements\/"]}]}},"_links":{"self":[{"href":"https:\/\/moreevenements.com\/en\/wp-json\/wp\/v2\/pages\/68","targetHints":{"allow":["GET"]}}],"collection":[{"href":"https:\/\/moreevenements.com\/en\/wp-json\/wp\/v2\/pages"}],"about":[{"href":"https:\/\/moreevenements.com\/en\/wp-json\/wp\/v2\/types\/page"}],"author":[{"embeddable":true,"href":"https:\/\/moreevenements.com\/en\/wp-json\/wp\/v2\/users\/1"}],"replies":[{"embeddable":true,"href":"https:\/\/moreevenements.com\/en\/wp-json\/wp\/v2\/comments?post=68"}],"version-history":[{"count":14,"href":"https:\/\/moreevenements.com\/en\/wp-json\/wp\/v2\/pages\/68\/revisions"}],"predecessor-version":[{"id":718,"href":"https:\/\/moreevenements.com\/en\/wp-json\/wp\/v2\/pages\/68\/revisions\/718"}],"up":[{"embeddable":true,"href":"https:\/\/moreevenements.com\/en\/wp-json\/wp\/v2\/pages\/62"}],"wp:featuredmedia":[{"embeddable":true,"href":"https:\/\/moreevenements.com\/en\/wp-json\/wp\/v2\/media\/329"}],"wp:attachment":[{"href":"https:\/\/moreevenements.com\/en\/wp-json\/wp\/v2\/media?parent=68"}],"curies":[{"name":"wp","href":"https:\/\/api.w.org\/{rel}","templated":true}]}}