{"id":74,"date":"2022-11-14T14:16:12","date_gmt":"2022-11-14T19:16:12","guid":{"rendered":"https:\/\/moreevenements.com\/?page_id=74"},"modified":"2025-08-25T12:02:49","modified_gmt":"2025-08-25T16:02:49","slug":"realisations","status":"publish","type":"page","link":"https:\/\/moreevenements.com\/en\/realisations\/","title":{"rendered":"Realisations"},"content":{"rendered":"\t\t<div data-elementor-type=\"wp-page\" data-elementor-id=\"74\" class=\"elementor elementor-74\" data-elementor-post-type=\"page\">\n\t\t\t\t<div class=\"elementor-element elementor-element-4d3c1ead e-con-full e-flex e-con e-parent\" data-id=\"4d3c1ead\" data-element_type=\"container\" data-e-type=\"container\">\n\t\t\t\t<div class=\"elementor-element elementor-element-704cdbea elementor-cta--skin-cover elementor-cta--valign-middle elementor-widget__width-inherit elementor-bg-transform elementor-bg-transform-zoom-in elementor-widget elementor-widget-call-to-action\" data-id=\"704cdbea\" data-element_type=\"widget\" data-e-type=\"widget\" data-widget_type=\"call-to-action.default\">\n\t\t\t\t<div class=\"elementor-widget-container\">\n\t\t\t\t\t\t\t<div class=\"elementor-cta\">\n\t\t\t\t\t<div class=\"elementor-cta__bg-wrapper\">\n\t\t\t\t<div class=\"elementor-cta__bg elementor-bg\" style=\"background-image: url(https:\/\/moreevenements.com\/wp-content\/uploads\/2022\/11\/banner-realisations.jpg);\" role=\"img\" aria-label=\"Banni\u00e8re - R\u00e9alisations\"><\/div>\n\t\t\t\t<div class=\"elementor-cta__bg-overlay\"><\/div>\n\t\t\t<\/div>\n\t\t\t\t\t\t\t<div class=\"elementor-cta__content\">\n\t\t\t\t\n\t\t\t\t\t\t\t\t\t<h2 class=\"elementor-cta__title elementor-cta__content-item elementor-content-item\">\n\t\t\t\t\t\tRealisations\t\t\t\t\t<\/h2>\n\t\t\t\t\n\t\t\t\t\n\t\t\t\t\t\t\t<\/div>\n\t\t\t\t\t\t<\/div>\n\t\t\t\t\t\t<\/div>\n\t\t\t\t<\/div>\n\t\t\t\t<div class=\"elementor-element elementor-element-3ed351ec elementor-invisible elementor-widget elementor-widget-image\" data-id=\"3ed351ec\" data-element_type=\"widget\" data-e-type=\"widget\" data-settings=\"{&quot;_animation&quot;:&quot;slideInLeft&quot;}\" data-widget_type=\"image.default\">\n\t\t\t\t<div class=\"elementor-widget-container\">\n\t\t\t\t\t\t\t\t\t\t\t\t\t\t\t<img decoding=\"async\" width=\"300\" height=\"23\" src=\"https:\/\/moreevenements.com\/wp-content\/uploads\/2025\/03\/more-point-1-300x23.png\" class=\"attachment-medium size-medium wp-image-1133\" alt=\"\" srcset=\"https:\/\/moreevenements.com\/wp-content\/uploads\/2025\/03\/more-point-1-300x23.png 300w, https:\/\/moreevenements.com\/wp-content\/uploads\/2025\/03\/more-point-1.png 592w\" sizes=\"(max-width: 300px) 100vw, 300px\" \/>\t\t\t\t\t\t\t\t\t\t\t\t\t\t\t<\/div>\n\t\t\t\t<\/div>\n\t\t\t\t<\/div>\n\t\t<div class=\"elementor-element elementor-element-553cc876 e-grid e-con-full e-con e-parent\" data-id=\"553cc876\" data-element_type=\"container\" data-e-type=\"container\">\n\t\t\t\t<div class=\"elementor-element elementor-element-758ffae8 elementor-hidden-tablet elementor-hidden-mobile elementor-widget elementor-widget-text-editor\" data-id=\"758ffae8\" data-element_type=\"widget\" data-e-type=\"widget\" data-widget_type=\"text-editor.default\">\n\t\t\t\t<div class=\"elementor-widget-container\">\n\t\t\t\t\t\t\t\t\t<div class=\"wp-block-column\">\n<div class=\"wp-block-column is-layout-flow wp-block-column-is-layout-flow\">\n<h2 class=\"wp-block-heading\">Our passion captured through a lens.<\/h2>\n<\/div>\n<div class=\"wp-block-column is-layout-flow wp-block-column-is-layout-flow\">\u00a0<\/div>\n<h3 class=\"wp-block-heading\">\u00a0<\/h3>\n<\/div>\t\t\t\t\t\t\t\t<\/div>\n\t\t\t\t<\/div>\n\t\t\t\t<div class=\"elementor-element elementor-element-5599181d elementor-hidden-desktop elementor-widget elementor-widget-text-editor\" data-id=\"5599181d\" data-element_type=\"widget\" data-e-type=\"widget\" data-widget_type=\"text-editor.default\">\n\t\t\t\t<div class=\"elementor-widget-container\">\n\t\t\t\t\t\t\t\t\t<div class=\"wp-block-column\">\n<h2 class=\"wp-block-heading\">Our passion captured through a lens.<\/h2>\n<h3 class=\"wp-block-heading\">\u00a0<\/h3>\n<\/div>\t\t\t\t\t\t\t\t<\/div>\n\t\t\t\t<\/div>\n\t\t\t\t<div class=\"elementor-element elementor-element-496bd6b5 elementor-hidden-tablet elementor-hidden-mobile elementor-widget elementor-widget-text-editor\" data-id=\"496bd6b5\" data-element_type=\"widget\" data-e-type=\"widget\" data-widget_type=\"text-editor.default\">\n\t\t\t\t<div class=\"elementor-widget-container\">\n\t\t\t\t\t\t\t\t\t<p>The say a picture is worth a thousand words, so here are tens of thousands.<\/p>\n<div class=\"wp-block-buttons is-layout-flex wp-block-buttons-is-layout-flex\">\n<div class=\"wp-block-button\">\u00a0<\/div>\n<\/div>\n<div class=\"wp-block-buttons is-layout-flex wp-block-buttons-is-layout-flex\">\u00a0<\/div>\t\t\t\t\t\t\t\t<\/div>\n\t\t\t\t<\/div>\n\t\t\t\t<div class=\"elementor-element elementor-element-10431011 elementor-hidden-desktop elementor-widget elementor-widget-text-editor\" data-id=\"10431011\" data-element_type=\"widget\" data-e-type=\"widget\" data-widget_type=\"text-editor.default\">\n\t\t\t\t<div class=\"elementor-widget-container\">\n\t\t\t\t\t\t\t\t\t<p>The say a picture is worth a thousand words, so here are tens of thousands.<\/p>\n<div class=\"wp-block-buttons is-layout-flex wp-block-buttons-is-layout-flex\">\n<div class=\"wp-block-button\">\u00a0<\/div>\n<\/div>\n<div class=\"wp-block-buttons is-layout-flex wp-block-buttons-is-layout-flex\">\n<div class=\"wp-block-button\">\u00a0<\/div>\n<\/div>\t\t\t\t\t\t\t\t<\/div>\n\t\t\t\t<\/div>\n\t\t\t\t<div class=\"elementor-element elementor-element-26a65b7c elementor-align-left elementor-hidden-desktop elementor-hidden-tablet elementor-widget elementor-widget-button\" data-id=\"26a65b7c\" data-element_type=\"widget\" data-e-type=\"widget\" data-settings=\"{&quot;_animation&quot;:&quot;none&quot;}\" data-widget_type=\"button.default\">\n\t\t\t\t<div class=\"elementor-widget-container\">\n\t\t\t\t\t\t\t\t\t<div class=\"elementor-button-wrapper\">\n\t\t\t\t\t<a class=\"elementor-button elementor-button-link elementor-size-sm\" href=\"\/en\/contact\/#rdv\">\n\t\t\t\t\t\t<span class=\"elementor-button-content-wrapper\">\n\t\t\t\t\t\t\t\t\t<span class=\"elementor-button-text\">BOOK AN APPOINTMENT<\/span>\n\t\t\t\t\t<\/span>\n\t\t\t\t\t<\/a>\n\t\t\t\t<\/div>\n\t\t\t\t\t\t\t\t<\/div>\n\t\t\t\t<\/div>\n\t\t\t\t<div class=\"elementor-element elementor-element-3a6ce3d6 elementor-align-left elementor-hidden-mobile elementor-widget elementor-widget-button\" data-id=\"3a6ce3d6\" data-element_type=\"widget\" data-e-type=\"widget\" data-settings=\"{&quot;_animation&quot;:&quot;none&quot;}\" data-widget_type=\"button.default\">\n\t\t\t\t<div class=\"elementor-widget-container\">\n\t\t\t\t\t\t\t\t\t<div class=\"elementor-button-wrapper\">\n\t\t\t\t\t<a class=\"elementor-button elementor-button-link elementor-size-sm\" href=\"\/en\/contact\/#rdv\">\n\t\t\t\t\t\t<span class=\"elementor-button-content-wrapper\">\n\t\t\t\t\t\t\t\t\t<span class=\"elementor-button-text\">BOOK AN APPOINTMENT<\/span>\n\t\t\t\t\t<\/span>\n\t\t\t\t\t<\/a>\n\t\t\t\t<\/div>\n\t\t\t\t\t\t\t\t<\/div>\n\t\t\t\t<\/div>\n\t\t\t\t<\/div>\n\t\t<div class=\"elementor-element elementor-element-68087f88 e-flex e-con-boxed e-con e-parent\" data-id=\"68087f88\" data-element_type=\"container\" data-e-type=\"container\">\n\t\t\t\t\t<div class=\"e-con-inner\">\n\t\t<div class=\"elementor-element elementor-element-2fe413c e-con-full e-flex e-con e-child\" data-id=\"2fe413c\" data-element_type=\"container\" data-e-type=\"container\">\n\t\t\t\t<div class=\"elementor-element elementor-element-5b5513 elementor-widget elementor-widget-video\" data-id=\"5b5513\" data-element_type=\"widget\" data-e-type=\"widget\" data-settings=\"{&quot;youtube_url&quot;:&quot;https:\\\/\\\/www.youtube.com\\\/watch?v=FyX9ib74G-U&amp;list=PLIH0BN8-hlN6oNflzW9Yb8jY_LZwq-yZI&amp;index=5&quot;,&quot;show_image_overlay&quot;:&quot;yes&quot;,&quot;image_overlay&quot;:{&quot;url&quot;:&quot;https:\\\/\\\/moreevenements.com\\\/wp-content\\\/uploads\\\/2025\\\/08\\\/screenshot-2025-08-04-at-12-57-21-pm.png&quot;,&quot;id&quot;:1341,&quot;size&quot;:&quot;&quot;,&quot;alt&quot;:&quot;&quot;,&quot;source&quot;:&quot;library&quot;},&quot;video_type&quot;:&quot;youtube&quot;,&quot;controls&quot;:&quot;yes&quot;}\" data-widget_type=\"video.default\">\n\t\t\t\t<div class=\"elementor-widget-container\">\n\t\t\t\t\t\t\t<div class=\"elementor-wrapper elementor-open-inline\">\n\t\t\t<div class=\"elementor-video\"><\/div>\t\t\t\t<div class=\"elementor-custom-embed-image-overlay\" style=\"background-image: url(https:\/\/moreevenements.com\/wp-content\/uploads\/2025\/08\/screenshot-2025-08-04-at-12-57-21-pm.png);\">\n\t\t\t\t\t\t\t\t\t\t\t\t\t\t\t\t<div class=\"elementor-custom-embed-play\" role=\"button\" aria-label=\"Play Video\" tabindex=\"0\">\n\t\t\t\t\t\t\t<svg aria-hidden=\"true\" class=\"e-font-icon-svg e-eicon-play\" viewBox=\"0 0 1000 1000\" xmlns=\"http:\/\/www.w3.org\/2000\/svg\"><path d=\"M838 162C746 71 633 25 500 25 371 25 258 71 163 162 71 254 25 367 25 500 25 633 71 746 163 837 254 929 367 979 500 979 633 979 746 933 838 837 929 746 975 633 975 500 975 367 929 254 838 162M808 192C892 279 933 379 933 500 933 621 892 725 808 808 725 892 621 938 500 938 379 938 279 896 196 808 113 725 67 621 67 500 67 379 108 279 196 192 279 108 383 62 500 62 621 62 721 108 808 192M438 392V642L642 517 438 392Z\"><\/path><\/svg>\t\t\t\t\t\t<\/div>\n\t\t\t\t\t\t\t\t\t<\/div>\n\t\t\t\t\t<\/div>\n\t\t\t\t\t\t<\/div>\n\t\t\t\t<\/div>\n\t\t\t\t<\/div>\n\t\t<div class=\"elementor-element elementor-element-63c2e27b e-con-full e-flex e-con e-child\" data-id=\"63c2e27b\" data-element_type=\"container\" data-e-type=\"container\">\n\t\t\t\t<div class=\"elementor-element elementor-element-75bde78f elementor-widget elementor-widget-video\" data-id=\"75bde78f\" data-element_type=\"widget\" data-e-type=\"widget\" data-settings=\"{&quot;youtube_url&quot;:&quot;https:\\\/\\\/www.youtube.com\\\/watch?v=5dipoqijOXs&quot;,&quot;show_image_overlay&quot;:&quot;yes&quot;,&quot;image_overlay&quot;:{&quot;url&quot;:&quot;https:\\\/\\\/moreevenements.com\\\/wp-content\\\/uploads\\\/2025\\\/08\\\/screenshot-2025-08-04-at-1-36-50-pm.png&quot;,&quot;id&quot;:1342,&quot;size&quot;:&quot;&quot;,&quot;alt&quot;:&quot;&quot;,&quot;source&quot;:&quot;library&quot;},&quot;video_type&quot;:&quot;youtube&quot;,&quot;controls&quot;:&quot;yes&quot;}\" data-widget_type=\"video.default\">\n\t\t\t\t<div class=\"elementor-widget-container\">\n\t\t\t\t\t\t\t<div class=\"elementor-wrapper elementor-open-inline\">\n\t\t\t<div class=\"elementor-video\"><\/div>\t\t\t\t<div class=\"elementor-custom-embed-image-overlay\" style=\"background-image: url(https:\/\/moreevenements.com\/wp-content\/uploads\/2025\/08\/screenshot-2025-08-04-at-1-36-50-pm.png);\">\n\t\t\t\t\t\t\t\t\t\t\t\t\t\t\t\t<div class=\"elementor-custom-embed-play\" role=\"button\" aria-label=\"Play Video\" tabindex=\"0\">\n\t\t\t\t\t\t\t<svg aria-hidden=\"true\" class=\"e-font-icon-svg e-eicon-play\" viewBox=\"0 0 1000 1000\" xmlns=\"http:\/\/www.w3.org\/2000\/svg\"><path d=\"M838 162C746 71 633 25 500 25 371 25 258 71 163 162 71 254 25 367 25 500 25 633 71 746 163 837 254 929 367 979 500 979 633 979 746 933 838 837 929 746 975 633 975 500 975 367 929 254 838 162M808 192C892 279 933 379 933 500 933 621 892 725 808 808 725 892 621 938 500 938 379 938 279 896 196 808 113 725 67 621 67 500 67 379 108 279 196 192 279 108 383 62 500 62 621 62 721 108 808 192M438 392V642L642 517 438 392Z\"><\/path><\/svg>\t\t\t\t\t\t<\/div>\n\t\t\t\t\t\t\t\t\t<\/div>\n\t\t\t\t\t<\/div>\n\t\t\t\t\t\t<\/div>\n\t\t\t\t<\/div>\n\t\t\t\t<\/div>\n\t\t\t\t\t<\/div>\n\t\t\t\t<\/div>\n\t\t<div class=\"elementor-element elementor-element-3ab2383f e-flex e-con-boxed e-con e-parent\" data-id=\"3ab2383f\" data-element_type=\"container\" data-e-type=\"container\">\n\t\t\t\t\t<div class=\"e-con-inner\">\n\t\t<div class=\"elementor-element elementor-element-16ee2d39 e-con-full e-flex e-con e-child\" data-id=\"16ee2d39\" data-element_type=\"container\" data-e-type=\"container\">\n\t\t\t\t<div class=\"elementor-element elementor-element-2cb7819a elementor-widget elementor-widget-video\" data-id=\"2cb7819a\" data-element_type=\"widget\" data-e-type=\"widget\" data-settings=\"{&quot;youtube_url&quot;:&quot;https:\\\/\\\/youtu.be\\\/PKvOKkud5So&quot;,&quot;show_image_overlay&quot;:&quot;yes&quot;,&quot;image_overlay&quot;:{&quot;url&quot;:&quot;https:\\\/\\\/moreevenements.com\\\/wp-content\\\/uploads\\\/2025\\\/08\\\/screenshot-2025-08-04-at-1-44-28-pm-scaled.png&quot;,&quot;id&quot;:1347,&quot;size&quot;:&quot;&quot;,&quot;alt&quot;:&quot;&quot;,&quot;source&quot;:&quot;library&quot;},&quot;video_type&quot;:&quot;youtube&quot;,&quot;controls&quot;:&quot;yes&quot;}\" data-widget_type=\"video.default\">\n\t\t\t\t<div class=\"elementor-widget-container\">\n\t\t\t\t\t\t\t<div class=\"elementor-wrapper elementor-open-inline\">\n\t\t\t<div class=\"elementor-video\"><\/div>\t\t\t\t<div class=\"elementor-custom-embed-image-overlay\" style=\"background-image: url(https:\/\/moreevenements.com\/wp-content\/uploads\/2025\/08\/screenshot-2025-08-04-at-1-44-28-pm-scaled.png);\">\n\t\t\t\t\t\t\t\t\t\t\t\t\t\t\t\t<div class=\"elementor-custom-embed-play\" role=\"button\" aria-label=\"Play Video\" tabindex=\"0\">\n\t\t\t\t\t\t\t<svg aria-hidden=\"true\" class=\"e-font-icon-svg e-eicon-play\" viewBox=\"0 0 1000 1000\" xmlns=\"http:\/\/www.w3.org\/2000\/svg\"><path d=\"M838 162C746 71 633 25 500 25 371 25 258 71 163 162 71 254 25 367 25 500 25 633 71 746 163 837 254 929 367 979 500 979 633 979 746 933 838 837 929 746 975 633 975 500 975 367 929 254 838 162M808 192C892 279 933 379 933 500 933 621 892 725 808 808 725 892 621 938 500 938 379 938 279 896 196 808 113 725 67 621 67 500 67 379 108 279 196 192 279 108 383 62 500 62 621 62 721 108 808 192M438 392V642L642 517 438 392Z\"><\/path><\/svg>\t\t\t\t\t\t<\/div>\n\t\t\t\t\t\t\t\t\t<\/div>\n\t\t\t\t\t<\/div>\n\t\t\t\t\t\t<\/div>\n\t\t\t\t<\/div>\n\t\t\t\t<\/div>\n\t\t<div class=\"elementor-element elementor-element-77903b90 e-con-full e-flex e-con e-child\" data-id=\"77903b90\" data-element_type=\"container\" data-e-type=\"container\">\n\t\t\t\t<\/div>\n\t\t\t\t\t<\/div>\n\t\t\t\t<\/div>\n\t\t<div class=\"elementor-element elementor-element-2705819 e-flex e-con-boxed e-con e-parent\" data-id=\"2705819\" data-element_type=\"container\" data-e-type=\"container\">\n\t\t\t\t\t<div class=\"e-con-inner\">\n\t\t\t\t\t<\/div>\n\t\t\t\t<\/div>\n\t\t\t\t<\/div>\n\t\t","protected":false},"excerpt":{"rendered":"<p>Realisations Our passion captured through a lens. \u00a0 \u00a0 Our passion captured through a lens. \u00a0 The say a picture is worth a thousand words, so here are tens of thousands. \u00a0 \u00a0 The say a picture is worth a thousand words, so here are tens of thousands. \u00a0 \u00a0 BOOK AN APPOINTMENT BOOK AN\u2026<\/p>\n","protected":false},"author":1,"featured_media":298,"parent":0,"menu_order":6,"comment_status":"closed","ping_status":"closed","template":"","meta":{"_acf_changed":false,"content-type":"","inline_featured_image":false,"footnotes":""},"class_list":["post-74","page","type-page","status-publish","has-post-thumbnail","hentry"],"acf":[],"yoast_head":"<!-- This site is optimized with the Yoast SEO plugin v27.3 - https:\/\/yoast.com\/product\/yoast-seo-wordpress\/ -->\n<title>Realisations | More \u00c9v\u00e9nements<\/title>\n<meta name=\"description\" content=\"MORE \u00c9v\u00e9nement red\u00e9finit l\u2019approche humaine dans l\u2019\u00e9v\u00e9nementiel. Nous personnalisons vos \u00e9v\u00e9nements Corporatifs, Festifs ou vos moments. Exp\u00e9rience employ\u00e9 pour vous garantir des moments inoubliables.\" \/>\n<meta name=\"robots\" content=\"index, follow, max-snippet:-1, max-image-preview:large, max-video-preview:-1\" \/>\n<link rel=\"canonical\" href=\"https:\/\/moreevenements.com\/en\/realisations\/\" \/>\n<meta property=\"og:locale\" content=\"en_US\" \/>\n<meta property=\"og:type\" content=\"article\" \/>\n<meta property=\"og:title\" content=\"Realisations | More \u00c9v\u00e9nements\" \/>\n<meta property=\"og:description\" content=\"MORE \u00c9v\u00e9nement red\u00e9finit l\u2019approche humaine dans l\u2019\u00e9v\u00e9nementiel. Nous personnalisons vos \u00e9v\u00e9nements Corporatifs, Festifs ou vos moments. Exp\u00e9rience employ\u00e9 pour vous garantir des moments inoubliables.\" \/>\n<meta property=\"og:url\" content=\"https:\/\/moreevenements.com\/en\/realisations\/\" \/>\n<meta property=\"og:site_name\" content=\"More \u00c9v\u00e9nements\" \/>\n<meta property=\"article:publisher\" content=\"https:\/\/www.facebook.com\/more.evenements\" \/>\n<meta property=\"article:modified_time\" content=\"2025-08-25T16:02:49+00:00\" \/>\n<meta property=\"og:image\" content=\"https:\/\/moreevenements.com\/wp-content\/uploads\/2022\/11\/banner-realisations.jpg\" \/>\n\t<meta property=\"og:image:width\" content=\"1920\" \/>\n\t<meta property=\"og:image:height\" content=\"500\" \/>\n\t<meta property=\"og:image:type\" content=\"image\/jpeg\" \/>\n<meta name=\"twitter:card\" content=\"summary_large_image\" \/>\n<meta name=\"twitter:label1\" content=\"Est. reading time\" \/>\n\t<meta name=\"twitter:data1\" content=\"1 minute\" \/>\n<script type=\"application\/ld+json\" class=\"yoast-schema-graph\">{\"@context\":\"https:\\\/\\\/schema.org\",\"@graph\":[{\"@type\":\"WebPage\",\"@id\":\"https:\\\/\\\/moreevenements.com\\\/en\\\/realisations\\\/\",\"url\":\"https:\\\/\\\/moreevenements.com\\\/en\\\/realisations\\\/\",\"name\":\"Realisations | More \u00c9v\u00e9nements\",\"isPartOf\":{\"@id\":\"http:\\\/\\\/more.agencehigh5.com\\\/#website\"},\"primaryImageOfPage\":{\"@id\":\"https:\\\/\\\/moreevenements.com\\\/en\\\/realisations\\\/#primaryimage\"},\"image\":{\"@id\":\"https:\\\/\\\/moreevenements.com\\\/en\\\/realisations\\\/#primaryimage\"},\"thumbnailUrl\":\"https:\\\/\\\/moreevenements.com\\\/wp-content\\\/uploads\\\/2022\\\/11\\\/banner-realisations.jpg\",\"datePublished\":\"2022-11-14T19:16:12+00:00\",\"dateModified\":\"2025-08-25T16:02:49+00:00\",\"description\":\"MORE \u00c9v\u00e9nement red\u00e9finit l\u2019approche humaine dans l\u2019\u00e9v\u00e9nementiel. Nous personnalisons vos \u00e9v\u00e9nements Corporatifs, Festifs ou vos moments. Exp\u00e9rience employ\u00e9 pour vous garantir des moments inoubliables.\",\"breadcrumb\":{\"@id\":\"https:\\\/\\\/moreevenements.com\\\/en\\\/realisations\\\/#breadcrumb\"},\"inLanguage\":\"en-US\",\"potentialAction\":[{\"@type\":\"ReadAction\",\"target\":[\"https:\\\/\\\/moreevenements.com\\\/en\\\/realisations\\\/\"]}]},{\"@type\":\"ImageObject\",\"inLanguage\":\"en-US\",\"@id\":\"https:\\\/\\\/moreevenements.com\\\/en\\\/realisations\\\/#primaryimage\",\"url\":\"https:\\\/\\\/moreevenements.com\\\/wp-content\\\/uploads\\\/2022\\\/11\\\/banner-realisations.jpg\",\"contentUrl\":\"https:\\\/\\\/moreevenements.com\\\/wp-content\\\/uploads\\\/2022\\\/11\\\/banner-realisations.jpg\",\"width\":1920,\"height\":500},{\"@type\":\"BreadcrumbList\",\"@id\":\"https:\\\/\\\/moreevenements.com\\\/en\\\/realisations\\\/#breadcrumb\",\"itemListElement\":[{\"@type\":\"ListItem\",\"position\":1,\"name\":\"Accueil\",\"item\":\"https:\\\/\\\/moreevenements.com\\\/\"},{\"@type\":\"ListItem\",\"position\":2,\"name\":\"Realisations\"}]},{\"@type\":\"WebSite\",\"@id\":\"http:\\\/\\\/more.agencehigh5.com\\\/#website\",\"url\":\"http:\\\/\\\/more.agencehigh5.com\\\/\",\"name\":\"More \u00c9v\u00e9nements\",\"description\":\"Moment Organis\u00e9 Riche en Exp\u00e9rience\",\"publisher\":{\"@id\":\"http:\\\/\\\/more.agencehigh5.com\\\/#organization\"},\"potentialAction\":[{\"@type\":\"SearchAction\",\"target\":{\"@type\":\"EntryPoint\",\"urlTemplate\":\"http:\\\/\\\/more.agencehigh5.com\\\/?s={search_term_string}\"},\"query-input\":{\"@type\":\"PropertyValueSpecification\",\"valueRequired\":true,\"valueName\":\"search_term_string\"}}],\"inLanguage\":\"en-US\"},{\"@type\":\"Organization\",\"@id\":\"http:\\\/\\\/more.agencehigh5.com\\\/#organization\",\"name\":\"MORE \u00c9\u00e9v\u00e9nements\",\"url\":\"http:\\\/\\\/more.agencehigh5.com\\\/\",\"logo\":{\"@type\":\"ImageObject\",\"inLanguage\":\"en-US\",\"@id\":\"http:\\\/\\\/more.agencehigh5.com\\\/#\\\/schema\\\/logo\\\/image\\\/\",\"url\":\"https:\\\/\\\/moreevenements.com\\\/wp-content\\\/uploads\\\/2022\\\/12\\\/more-evenements-logo.png\",\"contentUrl\":\"https:\\\/\\\/moreevenements.com\\\/wp-content\\\/uploads\\\/2022\\\/12\\\/more-evenements-logo.png\",\"width\":830,\"height\":244,\"caption\":\"MORE \u00c9\u00e9v\u00e9nements\"},\"image\":{\"@id\":\"http:\\\/\\\/more.agencehigh5.com\\\/#\\\/schema\\\/logo\\\/image\\\/\"},\"sameAs\":[\"https:\\\/\\\/www.facebook.com\\\/more.evenements\",\"https:\\\/\\\/www.linkedin.com\\\/company\\\/more-evenements\\\/about\\\/\",\"https:\\\/\\\/www.instagram.com\\\/more.evenements\\\/\"]}]}<\/script>\n<!-- \/ Yoast SEO plugin. -->","yoast_head_json":{"title":"Realisations | More \u00c9v\u00e9nements","description":"MORE \u00c9v\u00e9nement red\u00e9finit l\u2019approche humaine dans l\u2019\u00e9v\u00e9nementiel. Nous personnalisons vos \u00e9v\u00e9nements Corporatifs, Festifs ou vos moments. Exp\u00e9rience employ\u00e9 pour vous garantir des moments inoubliables.","robots":{"index":"index","follow":"follow","max-snippet":"max-snippet:-1","max-image-preview":"max-image-preview:large","max-video-preview":"max-video-preview:-1"},"canonical":"https:\/\/moreevenements.com\/en\/realisations\/","og_locale":"en_US","og_type":"article","og_title":"Realisations | More \u00c9v\u00e9nements","og_description":"MORE \u00c9v\u00e9nement red\u00e9finit l\u2019approche humaine dans l\u2019\u00e9v\u00e9nementiel. Nous personnalisons vos \u00e9v\u00e9nements Corporatifs, Festifs ou vos moments. Exp\u00e9rience employ\u00e9 pour vous garantir des moments inoubliables.","og_url":"https:\/\/moreevenements.com\/en\/realisations\/","og_site_name":"More \u00c9v\u00e9nements","article_publisher":"https:\/\/www.facebook.com\/more.evenements","article_modified_time":"2025-08-25T16:02:49+00:00","og_image":[{"width":1920,"height":500,"url":"https:\/\/moreevenements.com\/wp-content\/uploads\/2022\/11\/banner-realisations.jpg","type":"image\/jpeg"}],"twitter_card":"summary_large_image","twitter_misc":{"Est. reading time":"1 minute"},"schema":{"@context":"https:\/\/schema.org","@graph":[{"@type":"WebPage","@id":"https:\/\/moreevenements.com\/en\/realisations\/","url":"https:\/\/moreevenements.com\/en\/realisations\/","name":"Realisations | More \u00c9v\u00e9nements","isPartOf":{"@id":"http:\/\/more.agencehigh5.com\/#website"},"primaryImageOfPage":{"@id":"https:\/\/moreevenements.com\/en\/realisations\/#primaryimage"},"image":{"@id":"https:\/\/moreevenements.com\/en\/realisations\/#primaryimage"},"thumbnailUrl":"https:\/\/moreevenements.com\/wp-content\/uploads\/2022\/11\/banner-realisations.jpg","datePublished":"2022-11-14T19:16:12+00:00","dateModified":"2025-08-25T16:02:49+00:00","description":"MORE \u00c9v\u00e9nement red\u00e9finit l\u2019approche humaine dans l\u2019\u00e9v\u00e9nementiel. Nous personnalisons vos \u00e9v\u00e9nements Corporatifs, Festifs ou vos moments. Exp\u00e9rience employ\u00e9 pour vous garantir des moments inoubliables.","breadcrumb":{"@id":"https:\/\/moreevenements.com\/en\/realisations\/#breadcrumb"},"inLanguage":"en-US","potentialAction":[{"@type":"ReadAction","target":["https:\/\/moreevenements.com\/en\/realisations\/"]}]},{"@type":"ImageObject","inLanguage":"en-US","@id":"https:\/\/moreevenements.com\/en\/realisations\/#primaryimage","url":"https:\/\/moreevenements.com\/wp-content\/uploads\/2022\/11\/banner-realisations.jpg","contentUrl":"https:\/\/moreevenements.com\/wp-content\/uploads\/2022\/11\/banner-realisations.jpg","width":1920,"height":500},{"@type":"BreadcrumbList","@id":"https:\/\/moreevenements.com\/en\/realisations\/#breadcrumb","itemListElement":[{"@type":"ListItem","position":1,"name":"Accueil","item":"https:\/\/moreevenements.com\/"},{"@type":"ListItem","position":2,"name":"Realisations"}]},{"@type":"WebSite","@id":"http:\/\/more.agencehigh5.com\/#website","url":"http:\/\/more.agencehigh5.com\/","name":"More \u00c9v\u00e9nements","description":"Moment Organis\u00e9 Riche en Exp\u00e9rience","publisher":{"@id":"http:\/\/more.agencehigh5.com\/#organization"},"potentialAction":[{"@type":"SearchAction","target":{"@type":"EntryPoint","urlTemplate":"http:\/\/more.agencehigh5.com\/?s={search_term_string}"},"query-input":{"@type":"PropertyValueSpecification","valueRequired":true,"valueName":"search_term_string"}}],"inLanguage":"en-US"},{"@type":"Organization","@id":"http:\/\/more.agencehigh5.com\/#organization","name":"MORE \u00c9\u00e9v\u00e9nements","url":"http:\/\/more.agencehigh5.com\/","logo":{"@type":"ImageObject","inLanguage":"en-US","@id":"http:\/\/more.agencehigh5.com\/#\/schema\/logo\/image\/","url":"https:\/\/moreevenements.com\/wp-content\/uploads\/2022\/12\/more-evenements-logo.png","contentUrl":"https:\/\/moreevenements.com\/wp-content\/uploads\/2022\/12\/more-evenements-logo.png","width":830,"height":244,"caption":"MORE \u00c9\u00e9v\u00e9nements"},"image":{"@id":"http:\/\/more.agencehigh5.com\/#\/schema\/logo\/image\/"},"sameAs":["https:\/\/www.facebook.com\/more.evenements","https:\/\/www.linkedin.com\/company\/more-evenements\/about\/","https:\/\/www.instagram.com\/more.evenements\/"]}]}},"_links":{"self":[{"href":"https:\/\/moreevenements.com\/en\/wp-json\/wp\/v2\/pages\/74","targetHints":{"allow":["GET"]}}],"collection":[{"href":"https:\/\/moreevenements.com\/en\/wp-json\/wp\/v2\/pages"}],"about":[{"href":"https:\/\/moreevenements.com\/en\/wp-json\/wp\/v2\/types\/page"}],"author":[{"embeddable":true,"href":"https:\/\/moreevenements.com\/en\/wp-json\/wp\/v2\/users\/1"}],"replies":[{"embeddable":true,"href":"https:\/\/moreevenements.com\/en\/wp-json\/wp\/v2\/comments?post=74"}],"version-history":[{"count":16,"href":"https:\/\/moreevenements.com\/en\/wp-json\/wp\/v2\/pages\/74\/revisions"}],"predecessor-version":[{"id":1507,"href":"https:\/\/moreevenements.com\/en\/wp-json\/wp\/v2\/pages\/74\/revisions\/1507"}],"wp:featuredmedia":[{"embeddable":true,"href":"https:\/\/moreevenements.com\/en\/wp-json\/wp\/v2\/media\/298"}],"wp:attachment":[{"href":"https:\/\/moreevenements.com\/en\/wp-json\/wp\/v2\/media?parent=74"}],"curies":[{"name":"wp","href":"https:\/\/api.w.org\/{rel}","templated":true}]}}