{"id":816,"date":"2022-11-11T19:57:30","date_gmt":"2022-11-12T00:57:30","guid":{"rendered":"https:\/\/moreevenements.com\/?page_id=816"},"modified":"2023-11-03T08:43:08","modified_gmt":"2023-11-03T12:43:08","slug":"privacy-policy","status":"publish","type":"page","link":"https:\/\/moreevenements.com\/en\/privacy-policy\/","title":{"rendered":"Privacy Policy"},"content":{"rendered":"<div class=\"wp-block-cover banner-block\">\n\t<span aria-hidden=\"true\" class=\"wp-block-cover__background has-marine-background-color has-background-dim-80 has-background-dim\"><\/span>\n\t<img loading=\"lazy\" loading=\"lazy\" width=\"1920\" height=\"500\" src=\"\" class=\"wp-block-cover__image-background wp-post-image\" alt=\"\" decoding=\"async\" data-object-fit=\"cover\">\n\t<div class=\"wp-block-cover__inner-container\">\n\t\t<div class=\"is-layout-flow wp-block-group\">\n\t\t\t<h1 class=\"has-text-align-left has-heading-1-font-size\">Privacy Policy<\/h1>\n\t\t<\/div>\n\t<\/div>\n<\/div>\n\n\n<div class=\"wp-block-columns is-layout-flex wp-container-core-columns-is-layout-9d6595d7 wp-block-columns-is-layout-flex\">\n<div class=\"wp-block-column is-layout-flow wp-block-column-is-layout-flow\" style=\"flex-basis:10%\"><\/div>\n\n\n\n<div class=\"wp-block-column is-layout-flow wp-block-column-is-layout-flow\" style=\"flex-basis:80%\">\n<p>M.O.R.E. \u00c9v\u00e9nements<\/p>\n\n\n\n<p><a href=\"http:\/\/moreevenements.com\">moreevenements.com<\/a><\/p>\n\n\n\n<p>Type of website: Showcase &#8211; Event creator<\/p>\n\n\n\n<h2 class=\"wp-block-heading\">Purpose<\/h2>\n\n\n\n<p>The purpose of this privacy policy (the \u201cPrivacy Policy\u201d) is to inform users of the website <a href=\"http:\/\/moreevenements.com\">moreevenements.com<\/a> (the \u201cSite\u201d) of the following:<\/p>\n\n\n\n<ul class=\"wp-block-list\">\n<li>The personal data we will collect;<\/li>\n\n\n\n<li>Use of collected data;<\/li>\n\n\n\n<li>Who has access to the data collected;<\/li>\n\n\n\n<li>The rights of Site users;<\/li>\n\n\n\n<li>The Site cookie policy.<\/li>\n<\/ul>\n\n\n\n<p>This Privacy Policy operates in conjunction with our Site Terms and Conditions.<\/p>\n\n\n\n<h2 class=\"wp-block-heading\">Applicable Law<\/h2>\n\n\n\n<p>This Privacy Policy is governed by the laws of the Province of Quebec, Canada, including the Act to modernize legislative provisions as regards the protection of personal information.<\/p>\n\n\n\n<p>For users in the European Union, regarding the management of personal information, we adhere to the Regulation (EU) 2016\/679 of the European Parliament and of the Council of 27 April, 2016, known as the General Data Protection Regulation (the \u201cGDPR\u201d). For users in the United Kingdom, we adhere to the GDPR as enshrined in the Data Protection Act 2018.<\/p>\n\n\n\n<p>For users in California, regarding the management of personal information, we adhere to the California Consumer Privacy Act (the \u201cCCPA\u201d) as well as the California Electronic Communications Privacy Act (the \u201cCalECPA\u201d).<\/p>\n\n\n\n<h2 class=\"wp-block-heading\">Consent<\/h2>\n\n\n\n<p>By using our Site, users agree that they consent to:<\/p>\n\n\n\n<ul class=\"wp-block-list\">\n<li>the conditions set out in this Privacy Policy;<\/li>\n\n\n\n<li>the collection, use, and storage of personal data listed in this document.<\/li>\n<\/ul>\n\n\n\n<h2 class=\"wp-block-heading\">Management of Personal Data<\/h2>\n\n\n\n<h3 class=\"wp-block-heading\">Personal Data We Collect<\/h3>\n\n\n\n<p>We only collect data that helps us achieve the purpose set out in this Privacy Policy. We will not collect any additional data beyond the data listed below without notifying you first.<\/p>\n\n\n\n<h4 class=\"wp-block-heading\">Data Collected Automatically<\/h4>\n\n\n\n<p>When you visit and use our Site, we may automatically collect and store the following information:<\/p>\n\n\n\n<ul class=\"wp-block-list\">\n<li>IP address<\/li>\n\n\n\n<li>Location<\/li>\n\n\n\n<li>Demographic data<\/li>\n\n\n\n<li>Hardware and software details<\/li>\n\n\n\n<li>Clicked links<\/li>\n\n\n\n<li>Content viewed<\/li>\n<\/ul>\n\n\n\n<h4 class=\"wp-block-heading\">Data Collected in a Non-Automatic Way<\/h4>\n\n\n\n<p>We may also collect the following data when you perform certain functions on our Site:<\/p>\n\n\n\n<ul class=\"wp-block-list\">\n<li>First and last name<\/li>\n\n\n\n<li>Email address<\/li>\n<\/ul>\n\n\n\n<p>This data may be collected using the following methods:<\/p>\n\n\n\n<ul class=\"wp-block-list\">\n<li>Contact form<\/li>\n<\/ul>\n\n\n\n<h3 class=\"wp-block-heading\">How We Use Personal Data<\/h3>\n\n\n\n<p>Data collected on our Site will only be used for the purposes specified in this Privacy Policy or indicated on the relevant pages of our Site. We will not use your data beyond what we disclose in this Privacy Policy.<\/p>\n\n\n\n<p>The data we collect automatically is used for the following purposes:<\/p>\n\n\n\n<ul class=\"wp-block-list\">\n<li>Statistics<\/li>\n\n\n\n<li>Advertising<\/li>\n<\/ul>\n\n\n\n<p>The data we collect when the user performs certain functions may be used for the following purposes:<\/p>\n\n\n\n<ul class=\"wp-block-list\">\n<li>Contact<\/li>\n\n\n\n<li>Administration<\/li>\n<\/ul>\n\n\n\n<h3 class=\"wp-block-heading\">Who We Share Personal Data With<\/h3>\n\n\n\n<h4 class=\"wp-block-heading\">Employees<\/h4>\n\n\n\n<p>We may disclose user data to any member of our organization who reasonably needs access to user data to achieve the purposes set out in this Privacy Policy.<\/p>\n\n\n\n<h4 class=\"wp-block-heading\">Third Parties<\/h4>\n\n\n\n<p>We may share user data with the following third parties:<\/p>\n\n\n\n<ul class=\"wp-block-list\">\n<li>Web and marketing agency<\/li>\n\n\n\n<li>Self-employed and freelancers<\/li>\n<\/ul>\n\n\n\n<p>We may share user data with third parties for the following purposes:<\/p>\n\n\n\n<ul class=\"wp-block-list\">\n<li>Statistics<\/li>\n\n\n\n<li>Contact<\/li>\n\n\n\n<li>Advertising<\/li>\n\n\n\n<li>Administration<\/li>\n<\/ul>\n\n\n\n<p>Third parties will not be able to access user data beyond what is reasonably necessary to achieve the given purpose.<\/p>\n\n\n\n<h4 class=\"wp-block-heading\">Other Disclosures<\/h4>\n\n\n\n<p>We will not sell or share your data with other third parties, except in the following cases:<\/p>\n\n\n\n<ul class=\"wp-block-list\">\n<li>If the law requires it;<\/li>\n\n\n\n<li>If it is required for any legal proceeding;<\/li>\n\n\n\n<li>To prove or protect our legal rights;<\/li>\n\n\n\n<li>To buyers or potential buyers of this company in the event that we seek to sell the company.<\/li>\n<\/ul>\n\n\n\n<p>If you follow hyperlinks from our Site to another site, please note that we are not responsible for and have no control over their privacy policies and practices.<\/p>\n\n\n\n<h3 class=\"wp-block-heading\">Storage and Deletion of Personal Data<\/h3>\n\n\n\n<p>We do not keep user data beyond what is necessary to fulfill the purposes for which it is collected.<\/p>\n\n\n\n<h3 class=\"wp-block-heading\">How We Protect Your Personal Data<\/h3>\n\n\n\n<p>The personal data we collect is kept in a secure environment. People working for us are required to respect the confidentiality of your information.<\/p>\n\n\n\n<p>To ensure the security of your personal data, we use the following measures:<\/p>\n\n\n\n<ul class=\"wp-block-list\">\n<li>SSL\/HTTPS protocol<\/li>\n\n\n\n<li>SSH server with access key management<\/li>\n\n\n\n<li>reCAPTCHA technology<\/li>\n\n\n\n<li>Plugin to limit the number of login attempts in case of incorrect password<\/li>\n\n\n\n<li>Plugin that allows data to be exported and erased as needed<\/li>\n\n\n\n<li>Secure digital and e-mail environment<\/li>\n\n\n\n<li>Double authentication on every platform used<\/li>\n\n\n\n<li>Firewall and anti-virus<\/li>\n<\/ul>\n\n\n\n<p>While we take all reasonable precautions to ensure that user data is secure and that users are protected, the risk of harm always remains. The Internet as a whole can be insecure at times, and therefore, we cannot guarantee the security of user data beyond what is reasonably practical.<\/p>\n\n\n\n<h4 class=\"wp-block-heading\">Children<\/h4>\n\n\n\n<p>We do not knowingly collect or use personal data from children under 15 years of age. If we learn that we have collected personal data from a child under 15 years of age, the personal data will be deleted as soon as possible. If a child under 15 years of age has provided us with personal data, their parent or guardian may contact the person in charge of the protection of personal information.<\/p>\n\n\n\n<h2 class=\"wp-block-heading\">Your Rights as a User<\/h2>\n\n\n\n<h3 class=\"wp-block-heading\">Right to Access<\/h3>\n\n\n\n<p>You have the right to know what personal data we collected on you and to access them at all times.<\/p>\n\n\n\n<h3 class=\"wp-block-heading\">Right to Rectification<\/h3>\n\n\n\n<p>You have the right to modify, update, or rectify any personal data we have collected on you&nbsp;<\/p>\n\n\n\n<p>provided it is acceptable under the law.<\/p>\n\n\n\n<p>You may change your consent to the collection and use of data at any time, provided it is legally acceptable to do so and you have informed us within a reasonable time.<\/p>\n\n\n\n<h3 class=\"wp-block-heading\">Right to Erasure<\/h3>\n\n\n\n<p>You have the right to delete any personal data we have collected on you&nbsp;<\/p>\n\n\n\n<p>provided it is acceptable under the law.<\/p>\n\n\n\n<p>You may withdraw your consent to the collection and use of data at any time, provided it is legally acceptable to do so and you have informed us within a reasonable time.<\/p>\n\n\n\n<h2 class=\"wp-block-heading\">How to Access, Modify, Delete, or Challenge the Data Collected<\/h2>\n\n\n\n<p>If you would like to know if we have collected your personal data, how we have used your personal data, if we have disclosed your personal data and to whom we disclosed your personal data, if you would like your data to be deleted or modified in any way, or if you would like to exercise any of your other rights, please contact the person in charge of the protection of personal information.<\/p>\n\n\n\n<p>Myra Kennedy<\/p>\n\n\n\n<p>Owner of M.O.R.E. \u00c9v\u00e9nements<\/p>\n\n\n\n<p>1432, de Rougemont, Chambly, J3L 2L8<\/p>\n\n\n\n<p><a href=\"mailto:info@moreevements.com\">info@moreevements.com<\/a><\/p>\n\n\n\n<p>514 755-1103<\/p>\n\n\n\n<h2 class=\"wp-block-heading\">Cookie Policy<\/h2>\n\n\n\n<p>A cookie is a small file stored on a user\u2019s hard drive by a website. Its purpose is to collect data relating to the user\u2019s browsing habits.<\/p>\n\n\n\n<p>You can choose to be notified each time a cookie is transmitted. You can also choose to disable cookies entirely in your Internet browser, but this may decrease the quality of your user experience.<\/p>\n\n\n\n<h3 class=\"wp-block-heading\">Cookies on our Site<\/h3>\n\n\n\n<p>We use the following types of cookies on our Site:<\/p>\n\n\n\n<h4 class=\"wp-block-heading\">Functional Cookies<\/h4>\n\n\n\n<p>Functional cookies are used to remember the selections you make on our Site so that your selections are saved for your next visits.<\/p>\n\n\n\n<h4 class=\"wp-block-heading\">Analytical Cookies<\/h4>\n\n\n\n<p>Analytical cookies allow us to improve the design and functionality of our Site by collecting data on how you access our Site, for example, data on the content you access, how long you stay on our Site, etc.<\/p>\n\n\n\n<h4 class=\"wp-block-heading\">Targeting Cookies<\/h4>\n\n\n\n<p>Targeting cookies collect data on how you use the Site and your preferences. This allows us to personalize the information you see on our Site for you.<\/p>\n\n\n\n<h3 class=\"wp-block-heading\">Third-Party Cookies<\/h3>\n\n\n\n<p>Third-party cookies are created by a website other than ours. We may use third-party cookies to achieve the following purposes:<\/p>\n\n\n\n<ul class=\"wp-block-list\">\n<li>Monitor user preferences to tailor advertisements around their interests.<\/li>\n<\/ul>\n\n\n\n<h2 class=\"wp-block-heading\">Modifications<\/h2>\n\n\n\n<p>This Privacy Policy may be amended from time to time to maintain compliance with the law and to reflect any changes to our data collection process. When we amend this Privacy Policy, we will update the \u201cEffective Date\u201d at the top of this Privacy Policy. We recommend that our users periodically review our Privacy Policy to ensure that they are notified of any updates. If necessary, we may notify users by email of changes to this Privacy Policy.<\/p>\n\n\n\n<h2 class=\"wp-block-heading\">Contact<\/h2>\n\n\n\n<p>If you have any questions, concerns or complaints regarding the management of your personal data or if you would like to exercise any of your rights, you can contact the person in charge of the protection of personal information.<\/p>\n\n\n\n<p><strong>Myra Kennedy<\/strong><br>Owner of M.O.R.E. \u00c9v\u00e9nements<br>1432, de Rougemont, Chambly, J3L 2L8<br>info@moreevements.com<br>514 755-1103<\/p>\n\n\n\n<p>Effective Date: September 22, 2023<\/p>\n\n\n\n<p>\u00a92023 M.O.R.E. \u00c9v\u00e9nements<\/p>\n\n\n\n<p> <\/p>\n<\/div>\n\n\n\n<div class=\"wp-block-column is-layout-flow wp-block-column-is-layout-flow\" style=\"flex-basis:10%\"><\/div>\n<\/div>\n","protected":false},"excerpt":{"rendered":"<p>M.O.R.E. \u00c9v\u00e9nements moreevenements.com Type of website: Showcase &#8211; Event creator Purpose The purpose of this privacy policy (the \u201cPrivacy Policy\u201d) is to inform users of the website moreevenements.com (the \u201cSite\u201d) of the following: This Privacy Policy operates in conjunction with our Site Terms and Conditions. Applicable Law This Privacy Policy is governed by the laws\u2026<\/p>\n","protected":false},"author":3,"featured_media":0,"parent":0,"menu_order":9,"comment_status":"closed","ping_status":"closed","template":"","meta":{"_acf_changed":false,"content-type":"","inline_featured_image":false,"footnotes":""},"class_list":["post-816","page","type-page","status-publish","hentry"],"acf":[],"yoast_head":"<!-- This site is optimized with the Yoast SEO plugin v27.3 - https:\/\/yoast.com\/product\/yoast-seo-wordpress\/ -->\n<title>Privacy Policy | More \u00c9v\u00e9nements<\/title>\n<meta name=\"description\" content=\"MORE \u00c9v\u00e9nement red\u00e9finit l\u2019approche humaine dans l\u2019\u00e9v\u00e9nementiel. Nous personnalisons vos \u00e9v\u00e9nements Corporatifs, Festifs ou vos moments. Exp\u00e9rience employ\u00e9 pour vous garantir des moments inoubliables.\" \/>\n<meta name=\"robots\" content=\"index, follow, max-snippet:-1, max-image-preview:large, max-video-preview:-1\" \/>\n<link rel=\"canonical\" href=\"https:\/\/moreevenements.com\/en\/privacy-policy\/\" \/>\n<meta property=\"og:locale\" content=\"en_US\" \/>\n<meta property=\"og:type\" content=\"article\" \/>\n<meta property=\"og:title\" content=\"Privacy Policy | More \u00c9v\u00e9nements\" \/>\n<meta property=\"og:description\" content=\"MORE \u00c9v\u00e9nement red\u00e9finit l\u2019approche humaine dans l\u2019\u00e9v\u00e9nementiel. Nous personnalisons vos \u00e9v\u00e9nements Corporatifs, Festifs ou vos moments. Exp\u00e9rience employ\u00e9 pour vous garantir des moments inoubliables.\" \/>\n<meta property=\"og:url\" content=\"https:\/\/moreevenements.com\/en\/privacy-policy\/\" \/>\n<meta property=\"og:site_name\" content=\"More \u00c9v\u00e9nements\" \/>\n<meta property=\"article:publisher\" content=\"https:\/\/www.facebook.com\/more.evenements\" \/>\n<meta property=\"article:modified_time\" content=\"2023-11-03T12:43:08+00:00\" \/>\n<meta property=\"og:image\" content=\"https:\/\/moreevenements.com\/wp-content\/uploads\/2022\/12\/more-og-image.jpg\" \/>\n\t<meta property=\"og:image:width\" content=\"1200\" \/>\n\t<meta property=\"og:image:height\" content=\"627\" \/>\n\t<meta property=\"og:image:type\" content=\"image\/jpeg\" \/>\n<meta name=\"twitter:card\" content=\"summary_large_image\" \/>\n<meta name=\"twitter:label1\" content=\"Est. reading time\" \/>\n\t<meta name=\"twitter:data1\" content=\"8 minutes\" \/>\n<script type=\"application\/ld+json\" class=\"yoast-schema-graph\">{\"@context\":\"https:\\\/\\\/schema.org\",\"@graph\":[{\"@type\":\"WebPage\",\"@id\":\"https:\\\/\\\/moreevenements.com\\\/en\\\/privacy-policy\\\/\",\"url\":\"https:\\\/\\\/moreevenements.com\\\/en\\\/privacy-policy\\\/\",\"name\":\"Privacy Policy | More \u00c9v\u00e9nements\",\"isPartOf\":{\"@id\":\"http:\\\/\\\/more.agencehigh5.com\\\/#website\"},\"datePublished\":\"2022-11-12T00:57:30+00:00\",\"dateModified\":\"2023-11-03T12:43:08+00:00\",\"description\":\"MORE \u00c9v\u00e9nement red\u00e9finit l\u2019approche humaine dans l\u2019\u00e9v\u00e9nementiel. Nous personnalisons vos \u00e9v\u00e9nements Corporatifs, Festifs ou vos moments. Exp\u00e9rience employ\u00e9 pour vous garantir des moments inoubliables.\",\"breadcrumb\":{\"@id\":\"https:\\\/\\\/moreevenements.com\\\/en\\\/privacy-policy\\\/#breadcrumb\"},\"inLanguage\":\"en-US\",\"potentialAction\":[{\"@type\":\"ReadAction\",\"target\":[\"https:\\\/\\\/moreevenements.com\\\/en\\\/privacy-policy\\\/\"]}]},{\"@type\":\"BreadcrumbList\",\"@id\":\"https:\\\/\\\/moreevenements.com\\\/en\\\/privacy-policy\\\/#breadcrumb\",\"itemListElement\":[{\"@type\":\"ListItem\",\"position\":1,\"name\":\"Accueil\",\"item\":\"https:\\\/\\\/moreevenements.com\\\/en\\\/\"},{\"@type\":\"ListItem\",\"position\":2,\"name\":\"Privacy Policy\"}]},{\"@type\":\"WebSite\",\"@id\":\"http:\\\/\\\/more.agencehigh5.com\\\/#website\",\"url\":\"http:\\\/\\\/more.agencehigh5.com\\\/\",\"name\":\"More \u00c9v\u00e9nements\",\"description\":\"Moment Organis\u00e9 Riche en Exp\u00e9rience\",\"publisher\":{\"@id\":\"http:\\\/\\\/more.agencehigh5.com\\\/#organization\"},\"potentialAction\":[{\"@type\":\"SearchAction\",\"target\":{\"@type\":\"EntryPoint\",\"urlTemplate\":\"http:\\\/\\\/more.agencehigh5.com\\\/?s={search_term_string}\"},\"query-input\":{\"@type\":\"PropertyValueSpecification\",\"valueRequired\":true,\"valueName\":\"search_term_string\"}}],\"inLanguage\":\"en-US\"},{\"@type\":\"Organization\",\"@id\":\"http:\\\/\\\/more.agencehigh5.com\\\/#organization\",\"name\":\"MORE \u00c9\u00e9v\u00e9nements\",\"url\":\"http:\\\/\\\/more.agencehigh5.com\\\/\",\"logo\":{\"@type\":\"ImageObject\",\"inLanguage\":\"en-US\",\"@id\":\"http:\\\/\\\/more.agencehigh5.com\\\/#\\\/schema\\\/logo\\\/image\\\/\",\"url\":\"https:\\\/\\\/moreevenements.com\\\/wp-content\\\/uploads\\\/2022\\\/12\\\/more-evenements-logo.png\",\"contentUrl\":\"https:\\\/\\\/moreevenements.com\\\/wp-content\\\/uploads\\\/2022\\\/12\\\/more-evenements-logo.png\",\"width\":830,\"height\":244,\"caption\":\"MORE \u00c9\u00e9v\u00e9nements\"},\"image\":{\"@id\":\"http:\\\/\\\/more.agencehigh5.com\\\/#\\\/schema\\\/logo\\\/image\\\/\"},\"sameAs\":[\"https:\\\/\\\/www.facebook.com\\\/more.evenements\",\"https:\\\/\\\/www.linkedin.com\\\/company\\\/more-evenements\\\/about\\\/\",\"https:\\\/\\\/www.instagram.com\\\/more.evenements\\\/\"]}]}<\/script>\n<!-- \/ Yoast SEO plugin. -->","yoast_head_json":{"title":"Privacy Policy | More \u00c9v\u00e9nements","description":"MORE \u00c9v\u00e9nement red\u00e9finit l\u2019approche humaine dans l\u2019\u00e9v\u00e9nementiel. Nous personnalisons vos \u00e9v\u00e9nements Corporatifs, Festifs ou vos moments. Exp\u00e9rience employ\u00e9 pour vous garantir des moments inoubliables.","robots":{"index":"index","follow":"follow","max-snippet":"max-snippet:-1","max-image-preview":"max-image-preview:large","max-video-preview":"max-video-preview:-1"},"canonical":"https:\/\/moreevenements.com\/en\/privacy-policy\/","og_locale":"en_US","og_type":"article","og_title":"Privacy Policy | More \u00c9v\u00e9nements","og_description":"MORE \u00c9v\u00e9nement red\u00e9finit l\u2019approche humaine dans l\u2019\u00e9v\u00e9nementiel. Nous personnalisons vos \u00e9v\u00e9nements Corporatifs, Festifs ou vos moments. Exp\u00e9rience employ\u00e9 pour vous garantir des moments inoubliables.","og_url":"https:\/\/moreevenements.com\/en\/privacy-policy\/","og_site_name":"More \u00c9v\u00e9nements","article_publisher":"https:\/\/www.facebook.com\/more.evenements","article_modified_time":"2023-11-03T12:43:08+00:00","og_image":[{"width":1200,"height":627,"url":"https:\/\/moreevenements.com\/wp-content\/uploads\/2022\/12\/more-og-image.jpg","type":"image\/jpeg"}],"twitter_card":"summary_large_image","twitter_misc":{"Est. reading time":"8 minutes"},"schema":{"@context":"https:\/\/schema.org","@graph":[{"@type":"WebPage","@id":"https:\/\/moreevenements.com\/en\/privacy-policy\/","url":"https:\/\/moreevenements.com\/en\/privacy-policy\/","name":"Privacy Policy | More \u00c9v\u00e9nements","isPartOf":{"@id":"http:\/\/more.agencehigh5.com\/#website"},"datePublished":"2022-11-12T00:57:30+00:00","dateModified":"2023-11-03T12:43:08+00:00","description":"MORE \u00c9v\u00e9nement red\u00e9finit l\u2019approche humaine dans l\u2019\u00e9v\u00e9nementiel. Nous personnalisons vos \u00e9v\u00e9nements Corporatifs, Festifs ou vos moments. Exp\u00e9rience employ\u00e9 pour vous garantir des moments inoubliables.","breadcrumb":{"@id":"https:\/\/moreevenements.com\/en\/privacy-policy\/#breadcrumb"},"inLanguage":"en-US","potentialAction":[{"@type":"ReadAction","target":["https:\/\/moreevenements.com\/en\/privacy-policy\/"]}]},{"@type":"BreadcrumbList","@id":"https:\/\/moreevenements.com\/en\/privacy-policy\/#breadcrumb","itemListElement":[{"@type":"ListItem","position":1,"name":"Accueil","item":"https:\/\/moreevenements.com\/en\/"},{"@type":"ListItem","position":2,"name":"Privacy Policy"}]},{"@type":"WebSite","@id":"http:\/\/more.agencehigh5.com\/#website","url":"http:\/\/more.agencehigh5.com\/","name":"More \u00c9v\u00e9nements","description":"Moment Organis\u00e9 Riche en Exp\u00e9rience","publisher":{"@id":"http:\/\/more.agencehigh5.com\/#organization"},"potentialAction":[{"@type":"SearchAction","target":{"@type":"EntryPoint","urlTemplate":"http:\/\/more.agencehigh5.com\/?s={search_term_string}"},"query-input":{"@type":"PropertyValueSpecification","valueRequired":true,"valueName":"search_term_string"}}],"inLanguage":"en-US"},{"@type":"Organization","@id":"http:\/\/more.agencehigh5.com\/#organization","name":"MORE \u00c9\u00e9v\u00e9nements","url":"http:\/\/more.agencehigh5.com\/","logo":{"@type":"ImageObject","inLanguage":"en-US","@id":"http:\/\/more.agencehigh5.com\/#\/schema\/logo\/image\/","url":"https:\/\/moreevenements.com\/wp-content\/uploads\/2022\/12\/more-evenements-logo.png","contentUrl":"https:\/\/moreevenements.com\/wp-content\/uploads\/2022\/12\/more-evenements-logo.png","width":830,"height":244,"caption":"MORE \u00c9\u00e9v\u00e9nements"},"image":{"@id":"http:\/\/more.agencehigh5.com\/#\/schema\/logo\/image\/"},"sameAs":["https:\/\/www.facebook.com\/more.evenements","https:\/\/www.linkedin.com\/company\/more-evenements\/about\/","https:\/\/www.instagram.com\/more.evenements\/"]}]}},"_links":{"self":[{"href":"https:\/\/moreevenements.com\/en\/wp-json\/wp\/v2\/pages\/816","targetHints":{"allow":["GET"]}}],"collection":[{"href":"https:\/\/moreevenements.com\/en\/wp-json\/wp\/v2\/pages"}],"about":[{"href":"https:\/\/moreevenements.com\/en\/wp-json\/wp\/v2\/types\/page"}],"author":[{"embeddable":true,"href":"https:\/\/moreevenements.com\/en\/wp-json\/wp\/v2\/users\/3"}],"replies":[{"embeddable":true,"href":"https:\/\/moreevenements.com\/en\/wp-json\/wp\/v2\/comments?post=816"}],"version-history":[{"count":1,"href":"https:\/\/moreevenements.com\/en\/wp-json\/wp\/v2\/pages\/816\/revisions"}],"predecessor-version":[{"id":817,"href":"https:\/\/moreevenements.com\/en\/wp-json\/wp\/v2\/pages\/816\/revisions\/817"}],"wp:attachment":[{"href":"https:\/\/moreevenements.com\/en\/wp-json\/wp\/v2\/media?parent=816"}],"curies":[{"name":"wp","href":"https:\/\/api.w.org\/{rel}","templated":true}]}}